{"id":5595,"date":"2023-09-03T20:21:09","date_gmt":"2023-09-03T18:21:09","guid":{"rendered":"https:\/\/pragueonco.cz\/pragueonco\/about-pragueonco\/"},"modified":"2024-01-07T17:37:38","modified_gmt":"2024-01-07T16:37:38","slug":"about-pragueonco","status":"publish","type":"page","link":"https:\/\/pragueonco.cz\/en\/pragueonco\/about-pragueonco\/","title":{"rendered":"About PragueONCO"},"content":{"rendered":"<div class=\"wpb-content-wrapper\"><p>[vc_row layout=&#8221;boxed&#8221; css=&#8221;.vc_custom_1693765937406{margin-bottom: 2em !important;}&#8221;][vc_column][vc_column_text css=&#8221;.vc_custom_1697546045390{margin-bottom: 2em !important;}&#8221;]PragueONCO is one of the most important professional educational congress held in the Czech Republic. The incidence and prevalence of malignancies is rising in the Czech Republic, as in the whole world, and it\u00b4s the reason why oncology is becoming a&nbsp;key medical discipline. The aim is to emphasize the multidisciplinary understanding and solution of the issue of oncological diseases.[\/vc_column_text][\/vc_column][\/vc_row]<\/p>\n<\/div>","protected":false},"excerpt":{"rendered":"<p>[vc_row layout=&#8221;boxed&#8221; css=&#8221;.vc_custom_1693765937406{margin-bottom: 2em !important;}&#8221;][vc_column][vc_column_text css=&#8221;.vc_custom_1697546045390{margin-bottom: 2em !important;}&#8221;]PragueONCO is one of the most important professional educational congress held in the Czech Republic. The incidence and prevalence of malignancies is rising in the Czech Republic, as in the whole world, and it\u00b4s the reason why oncology is becoming a&nbsp;key medical discipline. The aim is to emphasize [&hellip;]<\/p>\n","protected":false},"author":1,"featured_media":4162,"parent":4177,"menu_order":0,"comment_status":"closed","ping_status":"closed","template":"","meta":{"footnotes":""},"class_list":["post-5595","page","type-page","status-publish","has-post-thumbnail","hentry"],"yoast_head":"<!-- This site is optimized with the Yoast SEO plugin v26.9 - https:\/\/yoast.com\/product\/yoast-seo-wordpress\/ -->\n<title>About PragueONCO<\/title>\n<meta name=\"description\" content=\"PragueONCO is one of the most important professional educational congress held in the Czech Republic.\" \/>\n<meta name=\"robots\" content=\"index, follow, max-snippet:-1, max-image-preview:large, max-video-preview:-1\" \/>\n<link rel=\"canonical\" href=\"https:\/\/pragueonco.cz\/en\/pragueonco\/about-pragueonco\/\" \/>\n<meta property=\"og:locale\" content=\"en_US\" \/>\n<meta property=\"og:type\" content=\"article\" \/>\n<meta property=\"og:title\" content=\"About PragueONCO\" \/>\n<meta property=\"og:description\" content=\"PragueONCO is one of the most important professional educational congress held in the Czech Republic.\" \/>\n<meta property=\"og:url\" content=\"https:\/\/pragueonco.cz\/en\/pragueonco\/about-pragueonco\/\" \/>\n<meta property=\"og:site_name\" content=\"PragueONCO\" \/>\n<meta property=\"article:modified_time\" content=\"2024-01-07T16:37:38+00:00\" \/>\n<meta property=\"og:image\" content=\"https:\/\/pragueonco.cz\/wp-content\/uploads\/2023\/09\/PO-podklad.jpg\" \/>\n\t<meta property=\"og:image:width\" content=\"1920\" \/>\n\t<meta property=\"og:image:height\" content=\"882\" \/>\n\t<meta property=\"og:image:type\" content=\"image\/jpeg\" \/>\n<meta name=\"twitter:card\" content=\"summary_large_image\" \/>\n<meta name=\"twitter:label1\" content=\"Est. reading time\" \/>\n\t<meta name=\"twitter:data1\" content=\"1 minute\" \/>\n<script type=\"application\/ld+json\" class=\"yoast-schema-graph\">{\"@context\":\"https:\/\/schema.org\",\"@graph\":[{\"@type\":\"WebPage\",\"@id\":\"https:\/\/pragueonco.cz\/en\/pragueonco\/about-pragueonco\/\",\"url\":\"https:\/\/pragueonco.cz\/en\/pragueonco\/about-pragueonco\/\",\"name\":\"About PragueONCO\",\"isPartOf\":{\"@id\":\"https:\/\/pragueonco.cz\/#website\"},\"primaryImageOfPage\":{\"@id\":\"https:\/\/pragueonco.cz\/en\/pragueonco\/about-pragueonco\/#primaryimage\"},\"image\":{\"@id\":\"https:\/\/pragueonco.cz\/en\/pragueonco\/about-pragueonco\/#primaryimage\"},\"thumbnailUrl\":\"https:\/\/pragueonco.cz\/wp-content\/uploads\/2023\/09\/PO-podklad.jpg\",\"datePublished\":\"2023-09-03T18:21:09+00:00\",\"dateModified\":\"2024-01-07T16:37:38+00:00\",\"description\":\"PragueONCO is one of the most important professional educational congress held in the Czech Republic.\",\"breadcrumb\":{\"@id\":\"https:\/\/pragueonco.cz\/en\/pragueonco\/about-pragueonco\/#breadcrumb\"},\"inLanguage\":\"en-US\",\"potentialAction\":[{\"@type\":\"ReadAction\",\"target\":[\"https:\/\/pragueonco.cz\/en\/pragueonco\/about-pragueonco\/\"]}]},{\"@type\":\"ImageObject\",\"inLanguage\":\"en-US\",\"@id\":\"https:\/\/pragueonco.cz\/en\/pragueonco\/about-pragueonco\/#primaryimage\",\"url\":\"https:\/\/pragueonco.cz\/wp-content\/uploads\/2023\/09\/PO-podklad.jpg\",\"contentUrl\":\"https:\/\/pragueonco.cz\/wp-content\/uploads\/2023\/09\/PO-podklad.jpg\",\"width\":1920,\"height\":882},{\"@type\":\"BreadcrumbList\",\"@id\":\"https:\/\/pragueonco.cz\/en\/pragueonco\/about-pragueonco\/#breadcrumb\",\"itemListElement\":[{\"@type\":\"ListItem\",\"position\":1,\"name\":\"Dom\u016f\",\"item\":\"https:\/\/pragueonco.cz\/en\/\"},{\"@type\":\"ListItem\",\"position\":2,\"name\":\"PragueONCO \u2013 Pra\u017esk\u00e9 mezioborov\u00e9 onkologick\u00e9 kolokvium\",\"item\":\"https:\/\/pragueonco.cz\/en\/\"},{\"@type\":\"ListItem\",\"position\":3,\"name\":\"About PragueONCO\"}]},{\"@type\":\"WebSite\",\"@id\":\"https:\/\/pragueonco.cz\/#website\",\"url\":\"https:\/\/pragueonco.cz\/\",\"name\":\"PragueONCO\",\"description\":\"Pra\u017esk\u00e9 mezioborov\u00e9 onkologick\u00e9 kolokvium PragueONCO\",\"publisher\":{\"@id\":\"https:\/\/pragueonco.cz\/#organization\"},\"potentialAction\":[{\"@type\":\"SearchAction\",\"target\":{\"@type\":\"EntryPoint\",\"urlTemplate\":\"https:\/\/pragueonco.cz\/?s={search_term_string}\"},\"query-input\":{\"@type\":\"PropertyValueSpecification\",\"valueRequired\":true,\"valueName\":\"search_term_string\"}}],\"inLanguage\":\"en-US\"},{\"@type\":\"Organization\",\"@id\":\"https:\/\/pragueonco.cz\/#organization\",\"name\":\"We Make Media, s. r. o.\",\"url\":\"https:\/\/pragueonco.cz\/\",\"logo\":{\"@type\":\"ImageObject\",\"inLanguage\":\"en-US\",\"@id\":\"https:\/\/pragueonco.cz\/#\/schema\/logo\/image\/\",\"url\":\"https:\/\/pragueonco.cz\/wp-content\/uploads\/2023\/11\/wemakemedia-logo-big.png\",\"contentUrl\":\"https:\/\/pragueonco.cz\/wp-content\/uploads\/2023\/11\/wemakemedia-logo-big.png\",\"width\":388,\"height\":130,\"caption\":\"We Make Media, s. r. o.\"},\"image\":{\"@id\":\"https:\/\/pragueonco.cz\/#\/schema\/logo\/image\/\"}}]}<\/script>\n<!-- \/ Yoast SEO plugin. -->","yoast_head_json":{"title":"About PragueONCO","description":"PragueONCO is one of the most important professional educational congress held in the Czech Republic.","robots":{"index":"index","follow":"follow","max-snippet":"max-snippet:-1","max-image-preview":"max-image-preview:large","max-video-preview":"max-video-preview:-1"},"canonical":"https:\/\/pragueonco.cz\/en\/pragueonco\/about-pragueonco\/","og_locale":"en_US","og_type":"article","og_title":"About PragueONCO","og_description":"PragueONCO is one of the most important professional educational congress held in the Czech Republic.","og_url":"https:\/\/pragueonco.cz\/en\/pragueonco\/about-pragueonco\/","og_site_name":"PragueONCO","article_modified_time":"2024-01-07T16:37:38+00:00","og_image":[{"width":1920,"height":882,"url":"https:\/\/pragueonco.cz\/wp-content\/uploads\/2023\/09\/PO-podklad.jpg","type":"image\/jpeg"}],"twitter_card":"summary_large_image","twitter_misc":{"Est. reading time":"1 minute"},"schema":{"@context":"https:\/\/schema.org","@graph":[{"@type":"WebPage","@id":"https:\/\/pragueonco.cz\/en\/pragueonco\/about-pragueonco\/","url":"https:\/\/pragueonco.cz\/en\/pragueonco\/about-pragueonco\/","name":"About PragueONCO","isPartOf":{"@id":"https:\/\/pragueonco.cz\/#website"},"primaryImageOfPage":{"@id":"https:\/\/pragueonco.cz\/en\/pragueonco\/about-pragueonco\/#primaryimage"},"image":{"@id":"https:\/\/pragueonco.cz\/en\/pragueonco\/about-pragueonco\/#primaryimage"},"thumbnailUrl":"https:\/\/pragueonco.cz\/wp-content\/uploads\/2023\/09\/PO-podklad.jpg","datePublished":"2023-09-03T18:21:09+00:00","dateModified":"2024-01-07T16:37:38+00:00","description":"PragueONCO is one of the most important professional educational congress held in the Czech Republic.","breadcrumb":{"@id":"https:\/\/pragueonco.cz\/en\/pragueonco\/about-pragueonco\/#breadcrumb"},"inLanguage":"en-US","potentialAction":[{"@type":"ReadAction","target":["https:\/\/pragueonco.cz\/en\/pragueonco\/about-pragueonco\/"]}]},{"@type":"ImageObject","inLanguage":"en-US","@id":"https:\/\/pragueonco.cz\/en\/pragueonco\/about-pragueonco\/#primaryimage","url":"https:\/\/pragueonco.cz\/wp-content\/uploads\/2023\/09\/PO-podklad.jpg","contentUrl":"https:\/\/pragueonco.cz\/wp-content\/uploads\/2023\/09\/PO-podklad.jpg","width":1920,"height":882},{"@type":"BreadcrumbList","@id":"https:\/\/pragueonco.cz\/en\/pragueonco\/about-pragueonco\/#breadcrumb","itemListElement":[{"@type":"ListItem","position":1,"name":"Dom\u016f","item":"https:\/\/pragueonco.cz\/en\/"},{"@type":"ListItem","position":2,"name":"PragueONCO \u2013 Pra\u017esk\u00e9 mezioborov\u00e9 onkologick\u00e9 kolokvium","item":"https:\/\/pragueonco.cz\/en\/"},{"@type":"ListItem","position":3,"name":"About PragueONCO"}]},{"@type":"WebSite","@id":"https:\/\/pragueonco.cz\/#website","url":"https:\/\/pragueonco.cz\/","name":"PragueONCO","description":"Pra\u017esk\u00e9 mezioborov\u00e9 onkologick\u00e9 kolokvium PragueONCO","publisher":{"@id":"https:\/\/pragueonco.cz\/#organization"},"potentialAction":[{"@type":"SearchAction","target":{"@type":"EntryPoint","urlTemplate":"https:\/\/pragueonco.cz\/?s={search_term_string}"},"query-input":{"@type":"PropertyValueSpecification","valueRequired":true,"valueName":"search_term_string"}}],"inLanguage":"en-US"},{"@type":"Organization","@id":"https:\/\/pragueonco.cz\/#organization","name":"We Make Media, s. r. o.","url":"https:\/\/pragueonco.cz\/","logo":{"@type":"ImageObject","inLanguage":"en-US","@id":"https:\/\/pragueonco.cz\/#\/schema\/logo\/image\/","url":"https:\/\/pragueonco.cz\/wp-content\/uploads\/2023\/11\/wemakemedia-logo-big.png","contentUrl":"https:\/\/pragueonco.cz\/wp-content\/uploads\/2023\/11\/wemakemedia-logo-big.png","width":388,"height":130,"caption":"We Make Media, s. r. o."},"image":{"@id":"https:\/\/pragueonco.cz\/#\/schema\/logo\/image\/"}}]}},"_links":{"self":[{"href":"https:\/\/pragueonco.cz\/en\/wp-json\/wp\/v2\/pages\/5595","targetHints":{"allow":["GET"]}}],"collection":[{"href":"https:\/\/pragueonco.cz\/en\/wp-json\/wp\/v2\/pages"}],"about":[{"href":"https:\/\/pragueonco.cz\/en\/wp-json\/wp\/v2\/types\/page"}],"author":[{"embeddable":true,"href":"https:\/\/pragueonco.cz\/en\/wp-json\/wp\/v2\/users\/1"}],"replies":[{"embeddable":true,"href":"https:\/\/pragueonco.cz\/en\/wp-json\/wp\/v2\/comments?post=5595"}],"version-history":[{"count":4,"href":"https:\/\/pragueonco.cz\/en\/wp-json\/wp\/v2\/pages\/5595\/revisions"}],"predecessor-version":[{"id":5977,"href":"https:\/\/pragueonco.cz\/en\/wp-json\/wp\/v2\/pages\/5595\/revisions\/5977"}],"up":[{"embeddable":true,"href":"https:\/\/pragueonco.cz\/en\/wp-json\/wp\/v2\/pages\/4177"}],"wp:featuredmedia":[{"embeddable":true,"href":"https:\/\/pragueonco.cz\/en\/wp-json\/wp\/v2\/media\/4162"}],"wp:attachment":[{"href":"https:\/\/pragueonco.cz\/en\/wp-json\/wp\/v2\/media?parent=5595"}],"curies":[{"name":"wp","href":"https:\/\/api.w.org\/{rel}","templated":true}]}}