{"id":5599,"date":"2023-09-03T23:03:08","date_gmt":"2023-09-03T21:03:08","guid":{"rendered":"https:\/\/pragueonco.cz\/caste-otazky\/"},"modified":"2024-01-08T13:57:09","modified_gmt":"2024-01-08T12:57:09","slug":"caste-otazky","status":"publish","type":"page","link":"https:\/\/pragueonco.cz\/en\/caste-otazky\/","title":{"rendered":"Frequent questions"},"content":{"rendered":"<div class=\"wpb-content-wrapper\"><p>[vc_row layout=&#8221;boxed&#8221; css=&#8221;.vc_custom_1693765937406{margin-bottom: 2em !important;}&#8221;][vc_column][vc_toggle title=&#8221;Can I register even during the colloquium?&#8221;]Yes, you can register at any time, even during the colloquium either via your mobile phone or laptop at <a href=\"https:\/\/pragueonco.cz\/\">www.PragueONCO.cz<\/a> in the registration section. Alternatively, a&nbsp;counter will be available at the registration point, where you can register and pay directly at the cash desk.[\/vc_toggle][vc_toggle title=&#8221;I am not sure if I should also order lunches for registration. Can I buy them during the event at the venue?&#8221;]Yes, you can buy lunches during the colloquium as well. However, the number of lunches that can be purchased on the spot is already limited, i.e. it is ideal to decide in advance and possibly order lunches already when filling out the online registration.<\/p>\n<p>.[\/vc_toggle][vc_toggle title=&#8221;Can I buy a ticket to participate in the Welcome dinner only at the venue and during the colloquium?&#8221;]Yes, you can also buy a&nbsp;ticket on the spot and during the colloquium. However, the number of tickets that can be purchased on the spot is already limited, i.e. it is ideal to decide in advance and possibly order a&nbsp;ticket already when filling out the online registration.[\/vc_toggle][vc_toggle title=&#8221;Can I pay for my registration on the spot by card or in cash?&#8221;]You can pay for your registration\/lunch\/Welcome dinner ticket at the venue of the colloquium either by card or in cash.[\/vc_toggle][vc_toggle title=&#8221;Can I book a hotel room only on the day of arrival and during the colloquium?&#8221;]Yes, the hotel has a&nbsp;large accommodation capacity, and therefore it will most likely be possible to book accommodation on the spot at the hotel reception.[\/vc_toggle][vc_toggle title=&#8221;As a PragueONCO participant, do I have a better price for accommodation?&#8221;]Yes, as a&nbsp;colloquium participant, all you have to do is state the password &#8220;PragueONCO&#8221; when reserving a&nbsp;room (or write in an e-mail when requesting accommodation) and you will receive a&nbsp;discounted price.\u00a0You can find the price and detailed information on accommodation <a href=\"https:\/\/pragueonco.cz\/en\/pro-ucastniky\/accommodations\/\">here<\/a>.[\/vc_toggle][vc_toggle title=&#8221;When and where should I bring my poster to the poster section?&#8221;]All information regarding the poster section incl. important dates and the place where to place the poster can be found <a href=\"https:\/\/pragueonco.cz\/en\/pro-ucastniky\/for-active-participants\/\"><strong>here<\/strong><\/a>.[\/vc_toggle][vc_toggle title=&#8221;When and where should I bring my poster to the poster section?&#8221;]All information regarding the poster section incl. important dates and the place where to place the poster can be found <a href=\"https:\/\/pragueonco.cz\/en\/pro-ucastniky\/for-active-participants\/\"><strong>here<\/strong><\/a>.[\/vc_toggle][vc_toggle title=&#8221;When and where will the recording of the entire colloquium be available?&#8221;]The recording of the colloquium will be available at <a href=\"https:\/\/www.worldmednet.cz\/tv\/\"><u>www.TVMedNet.cz<\/u><\/a> on April 1, 2024.[\/vc_toggle][vc_toggle title=&#8221;I actively participated in the colloquium, where can I find the published abstract of my contribution?&#8221;]Your abstract will be published in the PraguONCO Journal, which is distributed to all participants in congress bags, and its online version will be available at <a href=\"https:\/\/www.worldmednet.cz\/library\/\"><u>www.LibraryMedNet.cz<\/u> <\/a>during February 2024.[\/vc_toggle][\/vc_column][\/vc_row]<\/p>\n<\/div>","protected":false},"excerpt":{"rendered":"<p>[vc_row layout=&#8221;boxed&#8221; css=&#8221;.vc_custom_1693765937406{margin-bottom: 2em !important;}&#8221;][vc_column][vc_toggle title=&#8221;Can I register even during the colloquium?&#8221;]Yes, you can register at any time, even during the colloquium either via your mobile phone or laptop at www.PragueONCO.cz in the registration section. Alternatively, a&nbsp;counter will be available at the registration point, where you can register and pay directly at the cash desk.[\/vc_toggle][vc_toggle [&hellip;]<\/p>\n","protected":false},"author":1,"featured_media":0,"parent":0,"menu_order":0,"comment_status":"closed","ping_status":"closed","template":"","meta":{"footnotes":""},"class_list":["post-5599","page","type-page","status-publish","hentry"],"yoast_head":"<!-- This site is optimized with the Yoast SEO plugin v26.9 - https:\/\/yoast.com\/product\/yoast-seo-wordpress\/ -->\n<title>Frequent questions - PragueONCO<\/title>\n<meta name=\"description\" content=\"Ot\u00e1zky a odpov\u011bdi ohledn\u011b pra\u017esk\u00e9ho mezioborov\u00e9ho onkologick\u00e9jo kolokvia PragueONCO.\" \/>\n<meta name=\"robots\" content=\"index, follow, max-snippet:-1, max-image-preview:large, max-video-preview:-1\" \/>\n<link rel=\"canonical\" href=\"https:\/\/pragueonco.cz\/en\/caste-otazky\/\" \/>\n<meta property=\"og:locale\" content=\"en_US\" \/>\n<meta property=\"og:type\" content=\"article\" \/>\n<meta property=\"og:title\" content=\"Frequent questions - PragueONCO\" \/>\n<meta property=\"og:description\" content=\"Ot\u00e1zky a odpov\u011bdi ohledn\u011b pra\u017esk\u00e9ho mezioborov\u00e9ho onkologick\u00e9jo kolokvia PragueONCO.\" \/>\n<meta property=\"og:url\" content=\"https:\/\/pragueonco.cz\/en\/caste-otazky\/\" \/>\n<meta property=\"og:site_name\" content=\"PragueONCO\" \/>\n<meta property=\"article:modified_time\" content=\"2024-01-08T12:57:09+00:00\" \/>\n<meta name=\"twitter:card\" content=\"summary_large_image\" \/>\n<meta name=\"twitter:label1\" content=\"Est. reading time\" \/>\n\t<meta name=\"twitter:data1\" content=\"3 minutes\" \/>\n<script type=\"application\/ld+json\" class=\"yoast-schema-graph\">{\"@context\":\"https:\/\/schema.org\",\"@graph\":[{\"@type\":\"WebPage\",\"@id\":\"https:\/\/pragueonco.cz\/en\/caste-otazky\/\",\"url\":\"https:\/\/pragueonco.cz\/en\/caste-otazky\/\",\"name\":\"Frequent questions - PragueONCO\",\"isPartOf\":{\"@id\":\"https:\/\/pragueonco.cz\/#website\"},\"datePublished\":\"2023-09-03T21:03:08+00:00\",\"dateModified\":\"2024-01-08T12:57:09+00:00\",\"description\":\"Ot\u00e1zky a odpov\u011bdi ohledn\u011b pra\u017esk\u00e9ho mezioborov\u00e9ho onkologick\u00e9jo kolokvia PragueONCO.\",\"breadcrumb\":{\"@id\":\"https:\/\/pragueonco.cz\/en\/caste-otazky\/#breadcrumb\"},\"inLanguage\":\"en-US\",\"potentialAction\":[{\"@type\":\"ReadAction\",\"target\":[\"https:\/\/pragueonco.cz\/en\/caste-otazky\/\"]}]},{\"@type\":\"BreadcrumbList\",\"@id\":\"https:\/\/pragueonco.cz\/en\/caste-otazky\/#breadcrumb\",\"itemListElement\":[{\"@type\":\"ListItem\",\"position\":1,\"name\":\"Dom\u016f\",\"item\":\"https:\/\/pragueonco.cz\/en\/\"},{\"@type\":\"ListItem\",\"position\":2,\"name\":\"Frequent questions\"}]},{\"@type\":\"WebSite\",\"@id\":\"https:\/\/pragueonco.cz\/#website\",\"url\":\"https:\/\/pragueonco.cz\/\",\"name\":\"PragueONCO\",\"description\":\"Pra\u017esk\u00e9 mezioborov\u00e9 onkologick\u00e9 kolokvium PragueONCO\",\"publisher\":{\"@id\":\"https:\/\/pragueonco.cz\/#organization\"},\"potentialAction\":[{\"@type\":\"SearchAction\",\"target\":{\"@type\":\"EntryPoint\",\"urlTemplate\":\"https:\/\/pragueonco.cz\/?s={search_term_string}\"},\"query-input\":{\"@type\":\"PropertyValueSpecification\",\"valueRequired\":true,\"valueName\":\"search_term_string\"}}],\"inLanguage\":\"en-US\"},{\"@type\":\"Organization\",\"@id\":\"https:\/\/pragueonco.cz\/#organization\",\"name\":\"We Make Media, s. r. o.\",\"url\":\"https:\/\/pragueonco.cz\/\",\"logo\":{\"@type\":\"ImageObject\",\"inLanguage\":\"en-US\",\"@id\":\"https:\/\/pragueonco.cz\/#\/schema\/logo\/image\/\",\"url\":\"https:\/\/pragueonco.cz\/wp-content\/uploads\/2023\/11\/wemakemedia-logo-big.png\",\"contentUrl\":\"https:\/\/pragueonco.cz\/wp-content\/uploads\/2023\/11\/wemakemedia-logo-big.png\",\"width\":388,\"height\":130,\"caption\":\"We Make Media, s. r. o.\"},\"image\":{\"@id\":\"https:\/\/pragueonco.cz\/#\/schema\/logo\/image\/\"}}]}<\/script>\n<!-- \/ Yoast SEO plugin. -->","yoast_head_json":{"title":"Frequent questions - PragueONCO","description":"Ot\u00e1zky a odpov\u011bdi ohledn\u011b pra\u017esk\u00e9ho mezioborov\u00e9ho onkologick\u00e9jo kolokvia PragueONCO.","robots":{"index":"index","follow":"follow","max-snippet":"max-snippet:-1","max-image-preview":"max-image-preview:large","max-video-preview":"max-video-preview:-1"},"canonical":"https:\/\/pragueonco.cz\/en\/caste-otazky\/","og_locale":"en_US","og_type":"article","og_title":"Frequent questions - PragueONCO","og_description":"Ot\u00e1zky a odpov\u011bdi ohledn\u011b pra\u017esk\u00e9ho mezioborov\u00e9ho onkologick\u00e9jo kolokvia PragueONCO.","og_url":"https:\/\/pragueonco.cz\/en\/caste-otazky\/","og_site_name":"PragueONCO","article_modified_time":"2024-01-08T12:57:09+00:00","twitter_card":"summary_large_image","twitter_misc":{"Est. reading time":"3 minutes"},"schema":{"@context":"https:\/\/schema.org","@graph":[{"@type":"WebPage","@id":"https:\/\/pragueonco.cz\/en\/caste-otazky\/","url":"https:\/\/pragueonco.cz\/en\/caste-otazky\/","name":"Frequent questions - PragueONCO","isPartOf":{"@id":"https:\/\/pragueonco.cz\/#website"},"datePublished":"2023-09-03T21:03:08+00:00","dateModified":"2024-01-08T12:57:09+00:00","description":"Ot\u00e1zky a odpov\u011bdi ohledn\u011b pra\u017esk\u00e9ho mezioborov\u00e9ho onkologick\u00e9jo kolokvia PragueONCO.","breadcrumb":{"@id":"https:\/\/pragueonco.cz\/en\/caste-otazky\/#breadcrumb"},"inLanguage":"en-US","potentialAction":[{"@type":"ReadAction","target":["https:\/\/pragueonco.cz\/en\/caste-otazky\/"]}]},{"@type":"BreadcrumbList","@id":"https:\/\/pragueonco.cz\/en\/caste-otazky\/#breadcrumb","itemListElement":[{"@type":"ListItem","position":1,"name":"Dom\u016f","item":"https:\/\/pragueonco.cz\/en\/"},{"@type":"ListItem","position":2,"name":"Frequent questions"}]},{"@type":"WebSite","@id":"https:\/\/pragueonco.cz\/#website","url":"https:\/\/pragueonco.cz\/","name":"PragueONCO","description":"Pra\u017esk\u00e9 mezioborov\u00e9 onkologick\u00e9 kolokvium PragueONCO","publisher":{"@id":"https:\/\/pragueonco.cz\/#organization"},"potentialAction":[{"@type":"SearchAction","target":{"@type":"EntryPoint","urlTemplate":"https:\/\/pragueonco.cz\/?s={search_term_string}"},"query-input":{"@type":"PropertyValueSpecification","valueRequired":true,"valueName":"search_term_string"}}],"inLanguage":"en-US"},{"@type":"Organization","@id":"https:\/\/pragueonco.cz\/#organization","name":"We Make Media, s. r. o.","url":"https:\/\/pragueonco.cz\/","logo":{"@type":"ImageObject","inLanguage":"en-US","@id":"https:\/\/pragueonco.cz\/#\/schema\/logo\/image\/","url":"https:\/\/pragueonco.cz\/wp-content\/uploads\/2023\/11\/wemakemedia-logo-big.png","contentUrl":"https:\/\/pragueonco.cz\/wp-content\/uploads\/2023\/11\/wemakemedia-logo-big.png","width":388,"height":130,"caption":"We Make Media, s. r. o."},"image":{"@id":"https:\/\/pragueonco.cz\/#\/schema\/logo\/image\/"}}]}},"_links":{"self":[{"href":"https:\/\/pragueonco.cz\/en\/wp-json\/wp\/v2\/pages\/5599","targetHints":{"allow":["GET"]}}],"collection":[{"href":"https:\/\/pragueonco.cz\/en\/wp-json\/wp\/v2\/pages"}],"about":[{"href":"https:\/\/pragueonco.cz\/en\/wp-json\/wp\/v2\/types\/page"}],"author":[{"embeddable":true,"href":"https:\/\/pragueonco.cz\/en\/wp-json\/wp\/v2\/users\/1"}],"replies":[{"embeddable":true,"href":"https:\/\/pragueonco.cz\/en\/wp-json\/wp\/v2\/comments?post=5599"}],"version-history":[{"count":5,"href":"https:\/\/pragueonco.cz\/en\/wp-json\/wp\/v2\/pages\/5599\/revisions"}],"predecessor-version":[{"id":5693,"href":"https:\/\/pragueonco.cz\/en\/wp-json\/wp\/v2\/pages\/5599\/revisions\/5693"}],"wp:attachment":[{"href":"https:\/\/pragueonco.cz\/en\/wp-json\/wp\/v2\/media?parent=5599"}],"curies":[{"name":"wp","href":"https:\/\/api.w.org\/{rel}","templated":true}]}}