{"id":5603,"date":"2023-09-03T22:59:46","date_gmt":"2023-09-03T20:59:46","guid":{"rendered":"https:\/\/pragueonco.cz\/kontakty\/"},"modified":"2024-01-08T14:17:29","modified_gmt":"2024-01-08T13:17:29","slug":"kontakty","status":"publish","type":"page","link":"https:\/\/pragueonco.cz\/en\/kontakty\/","title":{"rendered":"Contacts"},"content":{"rendered":"<div class=\"wpb-content-wrapper\"><p>[vc_row layout=&#8221;boxed&#8221; css=&#8221;.vc_custom_1693765937406{margin-bottom: 2em !important;}&#8221;][vc_column][vc_column_text css=&#8221;.vc_custom_1704719459367{margin-bottom: 3em !important;}&#8221;]<\/p>\n<h2 style=\"text-align: center;\">Host and organiser<\/h2>\n<p>[\/vc_column_text][vc_column_text css=&#8221;.vc_custom_1704719843595{margin-bottom: 2em !important;}&#8221;]<\/p>\n<div class=\"wpb_column vc_column_container vc_col-sm-4\">\n<div class=\"vc_column-inner \">\n<div class=\"wpb_wrapper\">\n<div id=\"text-block-10\" class=\"mk-text-block \">\n<p><strong>We Make Media, s. r. o.<br \/>\n<\/strong>Italsk\u00e1 1583\/24<br \/>\n120&nbsp;00 Praha 2 \u2013 Vinohrady<br \/>\nTEL.: +420&nbsp;778&nbsp;476&nbsp;475<br \/>\n<a href=\"mailto:info@wemakemedia.eu\">info(at)wemakemedia.cz<\/a><br \/>\n<a href=\"https:\/\/www.wemakemedia.eu\/\">www.wemakemedia.eu<\/a><\/p>\n<div class=\"clearboth\"><\/div>\n<\/div>\n<div class=\"wpb_single_image wpb_content_element vc_align_left\">\n<figure class=\"wpb_wrapper vc_figure\">\n<div class=\"vc_single_image-wrapper vc_box_border_grey\"><img loading=\"lazy\" decoding=\"async\" class=\"vc_single_image-img attachment-full\" src=\"https:\/\/pragueonco.cz\/po_cz\/wp-content\/uploads\/2016\/03\/cara_zlata1.png\" sizes=\"auto, (max-width: 660px) 85vw, 660px\" srcset=\"https:\/\/pragueonco.cz\/po_cz\/wp-content\/uploads\/2016\/03\/cara_zlata1.png 660w, https:\/\/pragueonco.cz\/wp-content\/uploads\/2016\/03\/cara_zlata1-300x7.png 300w, https:\/\/pragueonco.cz\/wp-content\/uploads\/2016\/03\/cara_zlata1-330x8.png 330w, https:\/\/pragueonco.cz\/wp-content\/uploads\/2016\/03\/cara_zlata1-600x15.png 600w\" alt=\"\" width=\"660\" height=\"15\" \/><\/div>\n<\/figure>\n<\/div>\n<div id=\"text-block-11\" class=\"mk-text-block \">\n<p><strong>Ing. Alena Hru\u0161kov\u00e1<\/strong><br \/>\nCoordinator of accompanying exhibition of companies<br \/>\n<a href=\"mailto:a.hruskova@wemakemedia.cz\">a.hruskova(at)wemakemedia.cz<\/a><br \/>\nTEL.: +420&nbsp;777&nbsp;745&nbsp;646<\/p>\n<div class=\"clearboth\"><img loading=\"lazy\" decoding=\"async\" class=\"vc_single_image-img attachment-full\" src=\"https:\/\/pragueonco.cz\/po_cz\/wp-content\/uploads\/2016\/03\/cara_zlata1.png\" sizes=\"auto, (max-width: 660px) 85vw, 660px\" srcset=\"https:\/\/pragueonco.cz\/po_cz\/wp-content\/uploads\/2016\/03\/cara_zlata1.png 660w, https:\/\/pragueonco.cz\/wp-content\/uploads\/2016\/03\/cara_zlata1-300x7.png 300w, https:\/\/pragueonco.cz\/wp-content\/uploads\/2016\/03\/cara_zlata1-330x8.png 330w, https:\/\/pragueonco.cz\/wp-content\/uploads\/2016\/03\/cara_zlata1-600x15.png 600w\" alt=\"\" width=\"660\" height=\"15\" \/><\/div>\n<div>\n<p><strong>Ing. Ad\u00e9la Kratochv\u00edlov\u00e1<br \/>\n<\/strong>Coordinator of participant registration<br \/>\n<a href=\"a.kratochvilova@wemakemedia.cz\">a.kratochvilova(at)wemakemedia.cz<\/a><br \/>\nTEL.: +420&nbsp;775&nbsp;857&nbsp;225<\/p>\n<div class=\"clearboth\"><img loading=\"lazy\" decoding=\"async\" class=\"vc_single_image-img attachment-full\" src=\"https:\/\/pragueonco.cz\/po_cz\/wp-content\/uploads\/2016\/03\/cara_zlata1.png\" sizes=\"auto, (max-width: 660px) 85vw, 660px\" srcset=\"https:\/\/pragueonco.cz\/po_cz\/wp-content\/uploads\/2016\/03\/cara_zlata1.png 660w, https:\/\/pragueonco.cz\/wp-content\/uploads\/2016\/03\/cara_zlata1-300x7.png 300w, https:\/\/pragueonco.cz\/wp-content\/uploads\/2016\/03\/cara_zlata1-330x8.png 330w, https:\/\/pragueonco.cz\/wp-content\/uploads\/2016\/03\/cara_zlata1-600x15.png 600w\" alt=\"\" width=\"660\" height=\"15\" \/><\/div>\n<\/div>\n<\/div>\n<div id=\"text-block-13\" class=\"mk-text-block \">\n<div><\/div>\n<\/div>\n<\/div>\n<\/div>\n<\/div>\n<div class=\"wpb_column vc_column_container vc_col-sm-4\">\n<div class=\"vc_column-inner \">\n<div class=\"wpb_wrapper\">\n<div id=\"text-block-14\" class=\"mk-text-block \">\n<div class=\"clearboth\"><strong>Ivana Kaderkov\u00e1, MD<\/strong><\/div>\n<p>CEO<br \/>\n<a href=\"mailto:i.kaderkova@wemakemedia.cz\">i.kaderkova(at)wemakemedia.cz<\/a><\/p>\n<div class=\"clearboth\" style=\"margin-top: 105px;\"><img loading=\"lazy\" decoding=\"async\" class=\"vc_single_image-img attachment-full\" src=\"https:\/\/pragueonco.cz\/po_cz\/wp-content\/uploads\/2016\/03\/cara_zlata1.png\" sizes=\"auto, (max-width: 660px) 85vw, 660px\" srcset=\"https:\/\/pragueonco.cz\/po_cz\/wp-content\/uploads\/2016\/03\/cara_zlata1.png 660w, https:\/\/pragueonco.cz\/wp-content\/uploads\/2016\/03\/cara_zlata1-300x7.png 300w, https:\/\/pragueonco.cz\/wp-content\/uploads\/2016\/03\/cara_zlata1-330x8.png 330w, https:\/\/pragueonco.cz\/wp-content\/uploads\/2016\/03\/cara_zlata1-600x15.png 600w\" alt=\"\" width=\"660\" height=\"15\" \/><\/div>\n<\/div>\n<div id=\"text-block-16\" class=\"mk-text-block \">\n<div class=\"clearboth\"><strong>Mgr. Jana Pfeifer<\/strong><\/div>\n<\/div>\n<div id=\"text-block-18\" class=\"mk-text-block \">\n<p>Sales manager<br \/>\n<a href=\"mailto:j.pfeifer@wemakemedia.cz\">j.pfeifer(at)wemakemedia.cz<\/a><br \/>\nTEL.: +420&nbsp;775&nbsp;852&nbsp;511<\/p>\n<\/div>\n<\/div>\n<\/div>\n<\/div>\n<p>[\/vc_column_text][\/vc_column][\/vc_row]<\/p>\n<\/div>","protected":false},"excerpt":{"rendered":"<p>[vc_row layout=&#8221;boxed&#8221; css=&#8221;.vc_custom_1693765937406{margin-bottom: 2em !important;}&#8221;][vc_column][vc_column_text css=&#8221;.vc_custom_1704719459367{margin-bottom: 3em !important;}&#8221;] Host and organiser [\/vc_column_text][vc_column_text css=&#8221;.vc_custom_1704719843595{margin-bottom: 2em !important;}&#8221;] We Make Media, s. r. o. Italsk\u00e1 1583\/24&nbsp;120&nbsp;00 Praha 2 \u2013 Vinohrady TEL.: +420&nbsp;778&nbsp;476&nbsp;475 info(at)wemakemedia.cz www.wemakemedia.eu Ing. Alena Hru\u0161kov\u00e1 Coordinator of accompanying exhibition of companies a.hruskova(at)wemakemedia.cz TEL.: +420&nbsp;777&nbsp;745&nbsp;646 Ing. Ad\u00e9la Kratochv\u00edlov\u00e1 Coordinator of participant registration a.kratochvilova(at)wemakemedia.cz TEL.: +420&nbsp;775&nbsp;857&nbsp;225 Ivana [&hellip;]<\/p>\n","protected":false},"author":1,"featured_media":0,"parent":0,"menu_order":0,"comment_status":"closed","ping_status":"closed","template":"","meta":{"footnotes":""},"class_list":["post-5603","page","type-page","status-publish","hentry"],"yoast_head":"<!-- This site is optimized with the Yoast SEO plugin v26.9 - https:\/\/yoast.com\/product\/yoast-seo-wordpress\/ -->\n<title>Contacts - PragueONCO<\/title>\n<meta name=\"description\" content=\"Pra\u017esk\u00e9 mezioborov\u00e9 onkologick\u00e9m kolokvium PragueONCO.\" \/>\n<meta name=\"robots\" content=\"index, follow, max-snippet:-1, max-image-preview:large, max-video-preview:-1\" \/>\n<link rel=\"canonical\" href=\"https:\/\/pragueonco.cz\/en\/kontakty\/\" \/>\n<meta property=\"og:locale\" content=\"en_US\" \/>\n<meta property=\"og:type\" content=\"article\" \/>\n<meta property=\"og:title\" content=\"Contacts - PragueONCO\" \/>\n<meta property=\"og:description\" content=\"Pra\u017esk\u00e9 mezioborov\u00e9 onkologick\u00e9m kolokvium PragueONCO.\" \/>\n<meta property=\"og:url\" content=\"https:\/\/pragueonco.cz\/en\/kontakty\/\" \/>\n<meta property=\"og:site_name\" content=\"PragueONCO\" \/>\n<meta property=\"article:modified_time\" content=\"2024-01-08T13:17:29+00:00\" \/>\n<meta property=\"og:image\" content=\"https:\/\/pragueonco.cz\/po_cz\/wp-content\/uploads\/2016\/03\/cara_zlata1.png\" \/>\n<meta name=\"twitter:card\" content=\"summary_large_image\" \/>\n<meta name=\"twitter:label1\" content=\"Est. reading time\" \/>\n\t<meta name=\"twitter:data1\" content=\"2 minutes\" \/>\n<script type=\"application\/ld+json\" class=\"yoast-schema-graph\">{\"@context\":\"https:\/\/schema.org\",\"@graph\":[{\"@type\":\"WebPage\",\"@id\":\"https:\/\/pragueonco.cz\/en\/kontakty\/\",\"url\":\"https:\/\/pragueonco.cz\/en\/kontakty\/\",\"name\":\"Contacts - PragueONCO\",\"isPartOf\":{\"@id\":\"https:\/\/pragueonco.cz\/#website\"},\"primaryImageOfPage\":{\"@id\":\"https:\/\/pragueonco.cz\/en\/kontakty\/#primaryimage\"},\"image\":{\"@id\":\"https:\/\/pragueonco.cz\/en\/kontakty\/#primaryimage\"},\"thumbnailUrl\":\"https:\/\/pragueonco.cz\/po_cz\/wp-content\/uploads\/2016\/03\/cara_zlata1.png\",\"datePublished\":\"2023-09-03T20:59:46+00:00\",\"dateModified\":\"2024-01-08T13:17:29+00:00\",\"description\":\"Pra\u017esk\u00e9 mezioborov\u00e9 onkologick\u00e9m kolokvium PragueONCO.\",\"breadcrumb\":{\"@id\":\"https:\/\/pragueonco.cz\/en\/kontakty\/#breadcrumb\"},\"inLanguage\":\"en-US\",\"potentialAction\":[{\"@type\":\"ReadAction\",\"target\":[\"https:\/\/pragueonco.cz\/en\/kontakty\/\"]}]},{\"@type\":\"ImageObject\",\"inLanguage\":\"en-US\",\"@id\":\"https:\/\/pragueonco.cz\/en\/kontakty\/#primaryimage\",\"url\":\"https:\/\/pragueonco.cz\/po_cz\/wp-content\/uploads\/2016\/03\/cara_zlata1.png\",\"contentUrl\":\"https:\/\/pragueonco.cz\/po_cz\/wp-content\/uploads\/2016\/03\/cara_zlata1.png\"},{\"@type\":\"BreadcrumbList\",\"@id\":\"https:\/\/pragueonco.cz\/en\/kontakty\/#breadcrumb\",\"itemListElement\":[{\"@type\":\"ListItem\",\"position\":1,\"name\":\"Dom\u016f\",\"item\":\"https:\/\/pragueonco.cz\/en\/\"},{\"@type\":\"ListItem\",\"position\":2,\"name\":\"Contacts\"}]},{\"@type\":\"WebSite\",\"@id\":\"https:\/\/pragueonco.cz\/#website\",\"url\":\"https:\/\/pragueonco.cz\/\",\"name\":\"PragueONCO\",\"description\":\"Pra\u017esk\u00e9 mezioborov\u00e9 onkologick\u00e9 kolokvium PragueONCO\",\"publisher\":{\"@id\":\"https:\/\/pragueonco.cz\/#organization\"},\"potentialAction\":[{\"@type\":\"SearchAction\",\"target\":{\"@type\":\"EntryPoint\",\"urlTemplate\":\"https:\/\/pragueonco.cz\/?s={search_term_string}\"},\"query-input\":{\"@type\":\"PropertyValueSpecification\",\"valueRequired\":true,\"valueName\":\"search_term_string\"}}],\"inLanguage\":\"en-US\"},{\"@type\":\"Organization\",\"@id\":\"https:\/\/pragueonco.cz\/#organization\",\"name\":\"We Make Media, s. r. o.\",\"url\":\"https:\/\/pragueonco.cz\/\",\"logo\":{\"@type\":\"ImageObject\",\"inLanguage\":\"en-US\",\"@id\":\"https:\/\/pragueonco.cz\/#\/schema\/logo\/image\/\",\"url\":\"https:\/\/pragueonco.cz\/wp-content\/uploads\/2023\/11\/wemakemedia-logo-big.png\",\"contentUrl\":\"https:\/\/pragueonco.cz\/wp-content\/uploads\/2023\/11\/wemakemedia-logo-big.png\",\"width\":388,\"height\":130,\"caption\":\"We Make Media, s. r. o.\"},\"image\":{\"@id\":\"https:\/\/pragueonco.cz\/#\/schema\/logo\/image\/\"}}]}<\/script>\n<!-- \/ Yoast SEO plugin. -->","yoast_head_json":{"title":"Contacts - PragueONCO","description":"Pra\u017esk\u00e9 mezioborov\u00e9 onkologick\u00e9m kolokvium PragueONCO.","robots":{"index":"index","follow":"follow","max-snippet":"max-snippet:-1","max-image-preview":"max-image-preview:large","max-video-preview":"max-video-preview:-1"},"canonical":"https:\/\/pragueonco.cz\/en\/kontakty\/","og_locale":"en_US","og_type":"article","og_title":"Contacts - PragueONCO","og_description":"Pra\u017esk\u00e9 mezioborov\u00e9 onkologick\u00e9m kolokvium PragueONCO.","og_url":"https:\/\/pragueonco.cz\/en\/kontakty\/","og_site_name":"PragueONCO","article_modified_time":"2024-01-08T13:17:29+00:00","og_image":[{"url":"https:\/\/pragueonco.cz\/po_cz\/wp-content\/uploads\/2016\/03\/cara_zlata1.png","type":"","width":"","height":""}],"twitter_card":"summary_large_image","twitter_misc":{"Est. reading time":"2 minutes"},"schema":{"@context":"https:\/\/schema.org","@graph":[{"@type":"WebPage","@id":"https:\/\/pragueonco.cz\/en\/kontakty\/","url":"https:\/\/pragueonco.cz\/en\/kontakty\/","name":"Contacts - PragueONCO","isPartOf":{"@id":"https:\/\/pragueonco.cz\/#website"},"primaryImageOfPage":{"@id":"https:\/\/pragueonco.cz\/en\/kontakty\/#primaryimage"},"image":{"@id":"https:\/\/pragueonco.cz\/en\/kontakty\/#primaryimage"},"thumbnailUrl":"https:\/\/pragueonco.cz\/po_cz\/wp-content\/uploads\/2016\/03\/cara_zlata1.png","datePublished":"2023-09-03T20:59:46+00:00","dateModified":"2024-01-08T13:17:29+00:00","description":"Pra\u017esk\u00e9 mezioborov\u00e9 onkologick\u00e9m kolokvium PragueONCO.","breadcrumb":{"@id":"https:\/\/pragueonco.cz\/en\/kontakty\/#breadcrumb"},"inLanguage":"en-US","potentialAction":[{"@type":"ReadAction","target":["https:\/\/pragueonco.cz\/en\/kontakty\/"]}]},{"@type":"ImageObject","inLanguage":"en-US","@id":"https:\/\/pragueonco.cz\/en\/kontakty\/#primaryimage","url":"https:\/\/pragueonco.cz\/po_cz\/wp-content\/uploads\/2016\/03\/cara_zlata1.png","contentUrl":"https:\/\/pragueonco.cz\/po_cz\/wp-content\/uploads\/2016\/03\/cara_zlata1.png"},{"@type":"BreadcrumbList","@id":"https:\/\/pragueonco.cz\/en\/kontakty\/#breadcrumb","itemListElement":[{"@type":"ListItem","position":1,"name":"Dom\u016f","item":"https:\/\/pragueonco.cz\/en\/"},{"@type":"ListItem","position":2,"name":"Contacts"}]},{"@type":"WebSite","@id":"https:\/\/pragueonco.cz\/#website","url":"https:\/\/pragueonco.cz\/","name":"PragueONCO","description":"Pra\u017esk\u00e9 mezioborov\u00e9 onkologick\u00e9 kolokvium PragueONCO","publisher":{"@id":"https:\/\/pragueonco.cz\/#organization"},"potentialAction":[{"@type":"SearchAction","target":{"@type":"EntryPoint","urlTemplate":"https:\/\/pragueonco.cz\/?s={search_term_string}"},"query-input":{"@type":"PropertyValueSpecification","valueRequired":true,"valueName":"search_term_string"}}],"inLanguage":"en-US"},{"@type":"Organization","@id":"https:\/\/pragueonco.cz\/#organization","name":"We Make Media, s. r. o.","url":"https:\/\/pragueonco.cz\/","logo":{"@type":"ImageObject","inLanguage":"en-US","@id":"https:\/\/pragueonco.cz\/#\/schema\/logo\/image\/","url":"https:\/\/pragueonco.cz\/wp-content\/uploads\/2023\/11\/wemakemedia-logo-big.png","contentUrl":"https:\/\/pragueonco.cz\/wp-content\/uploads\/2023\/11\/wemakemedia-logo-big.png","width":388,"height":130,"caption":"We Make Media, s. r. o."},"image":{"@id":"https:\/\/pragueonco.cz\/#\/schema\/logo\/image\/"}}]}},"_links":{"self":[{"href":"https:\/\/pragueonco.cz\/en\/wp-json\/wp\/v2\/pages\/5603","targetHints":{"allow":["GET"]}}],"collection":[{"href":"https:\/\/pragueonco.cz\/en\/wp-json\/wp\/v2\/pages"}],"about":[{"href":"https:\/\/pragueonco.cz\/en\/wp-json\/wp\/v2\/types\/page"}],"author":[{"embeddable":true,"href":"https:\/\/pragueonco.cz\/en\/wp-json\/wp\/v2\/users\/1"}],"replies":[{"embeddable":true,"href":"https:\/\/pragueonco.cz\/en\/wp-json\/wp\/v2\/comments?post=5603"}],"version-history":[{"count":8,"href":"https:\/\/pragueonco.cz\/en\/wp-json\/wp\/v2\/pages\/5603\/revisions"}],"predecessor-version":[{"id":5698,"href":"https:\/\/pragueonco.cz\/en\/wp-json\/wp\/v2\/pages\/5603\/revisions\/5698"}],"wp:attachment":[{"href":"https:\/\/pragueonco.cz\/en\/wp-json\/wp\/v2\/media?parent=5603"}],"curies":[{"name":"wp","href":"https:\/\/api.w.org\/{rel}","templated":true}]}}