{"id":5609,"date":"2023-09-03T22:57:32","date_gmt":"2023-09-03T20:57:32","guid":{"rendered":"https:\/\/pragueonco.cz\/partneri\/"},"modified":"2026-01-16T14:29:02","modified_gmt":"2026-01-16T13:29:02","slug":"partneri","status":"publish","type":"page","link":"https:\/\/pragueonco.cz\/en\/partneri\/","title":{"rendered":"Partners"},"content":{"rendered":"<div class=\"wpb-content-wrapper\"><p>[vc_row layout=&#8221;boxed&#8221;][vc_column][vc_column_text css=&#8221;&#8221;]<\/p>\n<h2 style=\"text-align: center;\">Partners for the 17th PragueONCO will be gradually announced here<\/h2>\n<p>[\/vc_column_text][vc_empty_space height=&#8221;50px&#8221;][vc_separator css=&#8221;&#8221;][vc_empty_space height=&#8221;50px&#8221;][\/vc_column][\/vc_row][vc_row layout=&#8221;boxed&#8221;][vc_column][vc_column_text css=&#8221;&#8221;]<\/p>\n<h2 style=\"text-align: left;\">Diamond partner<\/h2>\n<p>[\/vc_column_text][vc_empty_space height=&#8221;50px&#8221;][\/vc_column][\/vc_row][vc_row layout=&#8221;boxed&#8221;][vc_column][vc_single_image image=&#8221;6930&#8243; img_size=&#8221;full&#8221; onclick=&#8221;custom_link&#8221; img_link_target=&#8221;_blank&#8221; css=&#8221;&#8221; link=&#8221;https:\/\/www.novartis.com\/cz-cs\/&#8221;][\/vc_column][\/vc_row][vc_row layout=&#8221;boxed&#8221;][vc_column][vc_empty_space height=&#8221;50px&#8221;][vc_column_text css=&#8221;&#8221;]<\/p>\n<h2 style=\"text-align: left;\">Gold partners<\/h2>\n<p>[\/vc_column_text][\/vc_column][\/vc_row][vc_row layout=&#8221;boxed&#8221;][vc_column width=&#8221;1\/3&#8243;][vc_single_image image=&#8221;6010&#8243; img_size=&#8221;full&#8221; onclick=&#8221;custom_link&#8221; img_link_target=&#8221;_blank&#8221; css=&#8221;&#8221; link=&#8221;https:\/\/www.astrazeneca.cz\/&#8221;][\/vc_column][vc_column width=&#8221;1\/3&#8243;][vc_single_image image=&#8221;6017&#8243; img_size=&#8221;full&#8221; onclick=&#8221;custom_link&#8221; img_link_target=&#8221;_blank&#8221; css=&#8221;&#8221; link=&#8221;https:\/\/www.lilly.com\/cz\/&#8221;][\/vc_column][vc_column width=&#8221;1\/3&#8243;][vc_single_image image=&#8221;5990&#8243; img_size=&#8221;full&#8221; onclick=&#8221;custom_link&#8221; img_link_target=&#8221;_blank&#8221; css=&#8221;&#8221; link=&#8221;https:\/\/servier.cz\/&#8221;][\/vc_column][\/vc_row][vc_row layout=&#8221;boxed&#8221;][vc_column][vc_empty_space height=&#8221;50px&#8221;][vc_column_text css=&#8221;&#8221;]<\/p>\n<h2 style=\"text-align: left;\">Silver partners<\/h2>\n<p>[\/vc_column_text][\/vc_column][\/vc_row][vc_row layout=&#8221;boxed&#8221;][vc_column width=&#8221;1\/3&#8243;][vc_single_image image=&#8221;6891&#8243; img_size=&#8221;full&#8221; onclick=&#8221;custom_link&#8221; img_link_target=&#8221;_blank&#8221; link=&#8221;https:\/\/www.bms.com\/&#8221;][\/vc_column][vc_column width=&#8221;1\/3&#8243;][vc_single_image image=&#8221;6096&#8243; img_size=&#8221;full&#8221; onclick=&#8221;custom_link&#8221; img_link_target=&#8221;_blank&#8221; css=&#8221;&#8221; link=&#8221;https:\/\/servier.cz\/&#8221;][\/vc_column][vc_column width=&#8221;1\/3&#8243;][vc_single_image image=&#8221;6907&#8243; img_size=&#8221;full&#8221; onclick=&#8221;custom_link&#8221; img_link_target=&#8221;_blank&#8221; link=&#8221;https:\/\/www.pierre-fabre.com\/en&#8221;][\/vc_column][\/vc_row][vc_row layout=&#8221;boxed&#8221;][vc_column][vc_empty_space height=&#8221;50px&#8221;][vc_column_text css=&#8221;&#8221;]<\/p>\n<h2 style=\"text-align: left;\">Bronze partners<\/h2>\n<p>[\/vc_column_text][\/vc_column][\/vc_row][vc_row layout=&#8221;boxed&#8221; css=&#8221;.vc_custom_1765206143546{margin-bottom: 1em !important;}&#8221;][vc_column width=&#8221;1\/3&#8243;][vc_single_image image=&#8221;6107&#8243; img_size=&#8221;full&#8221; onclick=&#8221;custom_link&#8221; img_link_target=&#8221;_blank&#8221; css=&#8221;&#8221; link=&#8221;https:\/\/www.amgen.cz\/&#8221;][\/vc_column][vc_column width=&#8221;1\/3&#8243;][vc_single_image image=&#8221;6785&#8243; img_size=&#8221;full&#8221; onclick=&#8221;custom_link&#8221; img_link_target=&#8221;_blank&#8221; css=&#8221;&#8221; link=&#8221;https:\/\/www.astellas.com\/en\/&#8221;][\/vc_column][vc_column width=&#8221;1\/3&#8243;][vc_single_image image=&#8221;6134&#8243; img_size=&#8221;full&#8221; onclick=&#8221;custom_link&#8221; img_link_target=&#8221;_blank&#8221; css=&#8221;&#8221; link=&#8221;https:\/\/www.bayer.com\/en\/cz\/czech-republic-home&#8221;][\/vc_column][\/vc_row][vc_row layout=&#8221;boxed&#8221;][vc_column width=&#8221;1\/3&#8243;][vc_single_image image=&#8221;6156&#8243; img_size=&#8221;full&#8221; onclick=&#8221;custom_link&#8221; img_link_target=&#8221;_blank&#8221; css=&#8221;&#8221; link=&#8221;https:\/\/www.glenmarkpharma.cz\/&#8221;][\/vc_column][vc_column width=&#8221;1\/3&#8243;][vc_single_image image=&#8221;5763&#8243; img_size=&#8221;full&#8221; onclick=&#8221;custom_link&#8221; img_link_target=&#8221;_blank&#8221; css=&#8221;&#8221; link=&#8221;https:\/\/www.ipsen.com\/&#8221;][\/vc_column][vc_column width=&#8221;1\/3&#8243;][vc_empty_space height=&#8221;40px&#8221;][vc_single_image image=&#8221;6681&#8243; img_size=&#8221;full&#8221; onclick=&#8221;custom_link&#8221; img_link_target=&#8221;_blank&#8221; css=&#8221;&#8221; link=&#8221;https:\/\/www.jnj.com\/&#8221;][\/vc_column][\/vc_row][vc_row layout=&#8221;boxed&#8221;][vc_column width=&#8221;1\/3&#8243;][vc_empty_space height=&#8221;40px&#8221;][vc_single_image image=&#8221;5681&#8243; img_size=&#8221;full&#8221; onclick=&#8221;custom_link&#8221; img_link_target=&#8221;_blank&#8221; css=&#8221;&#8221; link=&#8221;https:\/\/www.merckgroup.com\/en\/worldwide\/merck-in-czech-republic.html&#8221;][\/vc_column][vc_column width=&#8221;1\/3&#8243;][vc_single_image image=&#8221;5997&#8243; img_size=&#8221;full&#8221; alignment=&#8221;center&#8221; onclick=&#8221;custom_link&#8221; img_link_target=&#8221;_blank&#8221; css=&#8221;&#8221; link=&#8221;https:\/\/www.pfizer.cz\/&#8221;][\/vc_column][vc_column width=&#8221;1\/3&#8243;][\/vc_column][\/vc_row][vc_row layout=&#8221;boxed&#8221;][vc_column][vc_empty_space height=&#8221;50px&#8221;][vc_column_text css=&#8221;&#8221;]<\/p>\n<h2 style=\"text-align: left;\">Partner of section<\/h2>\n<p>[\/vc_column_text][\/vc_column][\/vc_row][vc_row layout=&#8221;boxed&#8221;][vc_column width=&#8221;1\/3&#8243;][vc_single_image image=&#8221;6857&#8243; img_size=&#8221;full&#8221; alignment=&#8221;center&#8221; onclick=&#8221;custom_link&#8221; img_link_target=&#8221;_blank&#8221; css=&#8221;&#8221; link=&#8221;https:\/\/www.abbvie.cz\/&#8221;][\/vc_column][vc_column width=&#8221;1\/3&#8243;][vc_single_image image=&#8221;6894&#8243; img_size=&#8221;full&#8221; onclick=&#8221;custom_link&#8221; img_link_target=&#8221;_blank&#8221; css=&#8221;&#8221; link=&#8221;https:\/\/www.gsk.com\/en-gb\/&#8221;][\/vc_column][vc_column width=&#8221;1\/3&#8243;][vc_single_image image=&#8221;6049&#8243; img_size=&#8221;full&#8221; onclick=&#8221;custom_link&#8221; img_link_target=&#8221;_blank&#8221; css=&#8221;.vc_custom_1765993199880{margin-top: 1em !important;}&#8221; link=&#8221;https:\/\/www.leram.cz\/&#8221;][\/vc_column][\/vc_row][vc_row layout=&#8221;boxed&#8221;][vc_column width=&#8221;1\/3&#8243;][vc_empty_space height=&#8221;20px&#8221;][vc_single_image image=&#8221;6115&#8243; img_size=&#8221;full&#8221; alignment=&#8221;center&#8221; onclick=&#8221;custom_link&#8221; img_link_target=&#8221;_blank&#8221; css=&#8221;&#8221; link=&#8221;https:\/\/www.medisonpharma.com\/&#8221;][\/vc_column][vc_column width=&#8221;1\/3&#8243;][vc_single_image image=&#8221;5527&#8243; img_size=&#8221;full&#8221; alignment=&#8221;center&#8221; onclick=&#8221;custom_link&#8221; img_link_target=&#8221;_blank&#8221; css=&#8221;&#8221; link=&#8221;https:\/\/www.sandoz.cz\/&#8221;][\/vc_column][vc_column width=&#8221;1\/3&#8243;][\/vc_column][\/vc_row][vc_row layout=&#8221;boxed&#8221;][vc_column][vc_empty_space height=&#8221;50px&#8221;][vc_column_text css=&#8221;&#8221;]<\/p>\n<h2 style=\"text-align: left;\">Partners<\/h2>\n<p>[\/vc_column_text][\/vc_column][\/vc_row][vc_row layout=&#8221;boxed&#8221;][vc_column width=&#8221;1\/3&#8243;][vc_single_image image=&#8221;5530&#8243; img_size=&#8221;full&#8221; onclick=&#8221;custom_link&#8221; img_link_target=&#8221;_blank&#8221; css=&#8221;&#8221; link=&#8221;https:\/\/www.gilead.com\/&#8221;][\/vc_column][vc_column width=&#8221;1\/3&#8243;][vc_single_image image=&#8221;5510&#8243; img_size=&#8221;full&#8221; onclick=&#8221;custom_link&#8221; img_link_target=&#8221;_blank&#8221; css=&#8221;&#8221; link=&#8221;https:\/\/www.swixxbiopharma.com\/en\/countries\/czech_republic\/&#8221;][\/vc_column][vc_column width=&#8221;1\/3&#8243;][vc_single_image image=&#8221;5521&#8243; img_size=&#8221;full&#8221; alignment=&#8221;center&#8221; onclick=&#8221;custom_link&#8221; img_link_target=&#8221;_blank&#8221; css=&#8221;&#8221; link=&#8221;https:\/\/www.zentiva.cz\/&#8221;][\/vc_column][\/vc_row][vc_row layout=&#8221;boxed&#8221; css=&#8221;.vc_custom_1765206171549{margin-bottom: 2em !important;}&#8221;][vc_column][vc_empty_space height=&#8221;50px&#8221;][vc_column_text css=&#8221;&#8221;]<\/p>\n<h2 style=\"text-align: left;\">Exhibitors<\/h2>\n<p>[\/vc_column_text][\/vc_column][\/vc_row][vc_row layout=&#8221;boxed&#8221;][vc_column width=&#8221;1\/3&#8243;][vc_single_image image=&#8221;6111&#8243; img_size=&#8221;full&#8221; onclick=&#8221;custom_link&#8221; img_link_target=&#8221;_blank&#8221; css=&#8221;.vc_custom_1765993208182{margin-top: 1em !important;}&#8221; link=&#8221;https:\/\/www.eisai.com\/index.html&#8221;][\/vc_column][vc_column width=&#8221;1\/3&#8243;][vc_single_image image=&#8221;6935&#8243; img_size=&#8221;full&#8221; onclick=&#8221;custom_link&#8221; img_link_target=&#8221;_blank&#8221; css=&#8221;&#8221; link=&#8221;https:\/\/www.elphogene.cz\/&#8221;][\/vc_column][vc_column width=&#8221;1\/3&#8243;][vc_single_image image=&#8221;6940&#8243; img_size=&#8221;full&#8221; alignment=&#8221;center&#8221; onclick=&#8221;custom_link&#8221; img_link_target=&#8221;_blank&#8221; css=&#8221;&#8221; link=&#8221;https:\/\/www.enzymel.cz\/&#8221;][\/vc_column][\/vc_row][vc_row layout=&#8221;boxed&#8221;][vc_column width=&#8221;1\/3&#8243;][vc_empty_space height=&#8221;20px&#8221;][vc_single_image image=&#8221;6927&#8243; img_size=&#8221;full&#8221; onclick=&#8221;custom_link&#8221; img_link_target=&#8221;_blank&#8221; css=&#8221;&#8221; link=&#8221;https:\/\/maxdorf.cz\/&#8221;][\/vc_column][vc_column width=&#8221;1\/3&#8243;][vc_single_image image=&#8221;6851&#8243; img_size=&#8221;full&#8221; alignment=&#8221;center&#8221; css=&#8221;&#8221;][\/vc_column][vc_column width=&#8221;1\/3&#8243;][vc_empty_space height=&#8221;35px&#8221;][vc_single_image image=&#8221;6686&#8243; img_size=&#8221;full&#8221; onclick=&#8221;custom_link&#8221; img_link_target=&#8221;_blank&#8221; css=&#8221;&#8221; link=&#8221;https:\/\/www.liv-on.cz\/&#8221;][\/vc_column][\/vc_row][vc_row layout=&#8221;boxed&#8221; css=&#8221;.vc_custom_1765206184390{margin-bottom: 2em !important;}&#8221;][vc_column][vc_empty_space height=&#8221;50px&#8221;][vc_column_text css=&#8221;&#8221;]<\/p>\n<h2>Partners of patientssection<\/h2>\n<p>[\/vc_column_text][\/vc_column][\/vc_row][vc_row layout=&#8221;boxed&#8221;][vc_column width=&#8221;1\/3&#8243;][vc_single_image image=&#8221;6789&#8243; img_size=&#8221;full&#8221; onclick=&#8221;custom_link&#8221; img_link_target=&#8221;_blank&#8221; css=&#8221;&#8221; link=&#8221;https:\/\/statushumana.cz\/&#8221;][\/vc_column][vc_column width=&#8221;1\/3&#8243;][vc_single_image image=&#8221;6092&#8243; img_size=&#8221;full&#8221; onclick=&#8221;custom_link&#8221; img_link_target=&#8221;_blank&#8221; css=&#8221;&#8221; link=&#8221;https:\/\/www.vzp.cz\/&#8221;][\/vc_column][vc_column width=&#8221;1\/3&#8243;][\/vc_column][\/vc_row][vc_row layout=&#8221;boxed&#8221;][vc_column][vc_empty_space height=&#8221;50px&#8221;][vc_column_text css=&#8221;&#8221;]<\/p>\n<h2 style=\"text-align: center;\">The 17th PragueONCO is organized under the auspices of<\/h2>\n<p>[\/vc_column_text][\/vc_column][\/vc_row][vc_row layout=&#8221;boxed&#8221;][vc_column width=&#8221;1\/4&#8243;][vc_empty_space height=&#8221;65px&#8221;][vc_single_image image=&#8221;6698&#8243; img_size=&#8221;full&#8221; css=&#8221;&#8221;][\/vc_column][vc_column width=&#8221;1\/4&#8243;][vc_empty_space height=&#8221;80px&#8221;][vc_single_image image=&#8221;6741&#8243; img_size=&#8221;full&#8221; css=&#8221;&#8221;][\/vc_column][vc_column width=&#8221;1\/4&#8243;][vc_empty_space height=&#8221;65px&#8221;][vc_single_image image=&#8221;6708&#8243; img_size=&#8221;full&#8221; css=&#8221;&#8221;][\/vc_column][vc_column width=&#8221;1\/4&#8243;][vc_empty_space height=&#8221;45px&#8221;][vc_single_image image=&#8221;6718&#8243; img_size=&#8221;full&#8221; css=&#8221;&#8221;][\/vc_column][\/vc_row][vc_row layout=&#8221;boxed&#8221;][vc_column width=&#8221;1\/4&#8243;][vc_single_image image=&#8221;6702&#8243; img_size=&#8221;full&#8221; css=&#8221;&#8221;][\/vc_column][vc_column width=&#8221;1\/4&#8243;][vc_single_image image=&#8221;6764&#8243; img_size=&#8221;full&#8221; css=&#8221;&#8221;][\/vc_column][vc_column width=&#8221;1\/4&#8243;][vc_single_image image=&#8221;6748&#8243; img_size=&#8221;full&#8221; css=&#8221;&#8221;][\/vc_column][vc_column width=&#8221;1\/4&#8243;][vc_single_image image=&#8221;6706&#8243; img_size=&#8221;full&#8221; css=&#8221;&#8221;][\/vc_column][\/vc_row][vc_row layout=&#8221;boxed&#8221;][vc_column width=&#8221;1\/4&#8243;][vc_empty_space height=&#8221;45px&#8221;][vc_single_image image=&#8221;6710&#8243; img_size=&#8221;full&#8221; css=&#8221;&#8221;][\/vc_column][vc_column width=&#8221;1\/4&#8243;][vc_single_image image=&#8221;6726&#8243; img_size=&#8221;full&#8221; css=&#8221;&#8221;][\/vc_column][vc_column width=&#8221;1\/4&#8243;][vc_single_image image=&#8221;6759&#8243; img_size=&#8221;full&#8221; css=&#8221;&#8221;][\/vc_column][vc_column width=&#8221;1\/4&#8243;][vc_empty_space height=&#8221;45px&#8221;][vc_single_image image=&#8221;6728&#8243; img_size=&#8221;full&#8221; css=&#8221;&#8221;][\/vc_column][\/vc_row][vc_row layout=&#8221;boxed&#8221;][vc_column width=&#8221;1\/4&#8243;][vc_single_image image=&#8221;6732&#8243; img_size=&#8221;full&#8221; css=&#8221;&#8221;][\/vc_column][vc_column width=&#8221;1\/4&#8243;][vc_single_image image=&#8221;6755&#8243; img_size=&#8221;full&#8221; css=&#8221;&#8221;][\/vc_column][vc_column width=&#8221;1\/4&#8243;][vc_empty_space height=&#8221;40px&#8221;][vc_single_image image=&#8221;6771&#8243; img_size=&#8221;full&#8221; css=&#8221;&#8221;][\/vc_column][vc_column width=&#8221;1\/4&#8243;][vc_empty_space height=&#8221;90px&#8221;][vc_single_image image=&#8221;6720&#8243; img_size=&#8221;full&#8221; css=&#8221;&#8221;][\/vc_column][\/vc_row][vc_row layout=&#8221;boxed&#8221;][vc_column width=&#8221;1\/4&#8243;][vc_empty_space height=&#8221;30px&#8221;][vc_single_image image=&#8221;6714&#8243; img_size=&#8221;full&#8221; css=&#8221;&#8221;][\/vc_column][vc_column width=&#8221;1\/4&#8243;][vc_empty_space height=&#8221;30px&#8221;][vc_single_image image=&#8221;6761&#8243; img_size=&#8221;full&#8221; css=&#8221;&#8221;][\/vc_column][vc_column width=&#8221;1\/4&#8243;][vc_empty_space height=&#8221;30px&#8221;][vc_single_image image=&#8221;6716&#8243; img_size=&#8221;full&#8221; css=&#8221;&#8221;][\/vc_column][vc_column width=&#8221;1\/4&#8243;][vc_empty_space height=&#8221;30px&#8221;][vc_single_image image=&#8221;6734&#8243; img_size=&#8221;full&#8221; css=&#8221;&#8221;][\/vc_column][\/vc_row][vc_row layout=&#8221;boxed&#8221;][vc_column width=&#8221;1\/4&#8243;][vc_empty_space height=&#8221;30px&#8221;][vc_single_image image=&#8221;6751&#8243; img_size=&#8221;full&#8221; css=&#8221;&#8221;][\/vc_column][vc_column width=&#8221;1\/4&#8243;][\/vc_column][vc_column width=&#8221;1\/4&#8243;][\/vc_column][vc_column width=&#8221;1\/4&#8243;][\/vc_column][\/vc_row]<\/p>\n<\/div>","protected":false},"excerpt":{"rendered":"<p>[vc_row layout=&#8221;boxed&#8221;][vc_column][vc_column_text css=&#8221;&#8221;] Partners for the 17th PragueONCO will be gradually announced here [\/vc_column_text][vc_empty_space height=&#8221;50px&#8221;][vc_separator css=&#8221;&#8221;][vc_empty_space height=&#8221;50px&#8221;][\/vc_column][\/vc_row][vc_row layout=&#8221;boxed&#8221;][vc_column][vc_column_text css=&#8221;&#8221;] Diamond partner [\/vc_column_text][vc_empty_space height=&#8221;50px&#8221;][\/vc_column][\/vc_row][vc_row layout=&#8221;boxed&#8221;][vc_column][vc_single_image image=&#8221;6930&#8243; img_size=&#8221;full&#8221; onclick=&#8221;custom_link&#8221; img_link_target=&#8221;_blank&#8221; css=&#8221;&#8221; link=&#8221;https:\/\/www.novartis.com\/cz-cs\/&#8221;][\/vc_column][\/vc_row][vc_row layout=&#8221;boxed&#8221;][vc_column][vc_empty_space height=&#8221;50px&#8221;][vc_column_text css=&#8221;&#8221;] Gold partners [\/vc_column_text][\/vc_column][\/vc_row][vc_row layout=&#8221;boxed&#8221;][vc_column width=&#8221;1\/3&#8243;][vc_single_image image=&#8221;6010&#8243; img_size=&#8221;full&#8221; onclick=&#8221;custom_link&#8221; img_link_target=&#8221;_blank&#8221; css=&#8221;&#8221; link=&#8221;https:\/\/www.astrazeneca.cz\/&#8221;][\/vc_column][vc_column width=&#8221;1\/3&#8243;][vc_single_image image=&#8221;6017&#8243; img_size=&#8221;full&#8221; onclick=&#8221;custom_link&#8221; img_link_target=&#8221;_blank&#8221; css=&#8221;&#8221; link=&#8221;https:\/\/www.lilly.com\/cz\/&#8221;][\/vc_column][vc_column width=&#8221;1\/3&#8243;][vc_single_image image=&#8221;5990&#8243; img_size=&#8221;full&#8221; onclick=&#8221;custom_link&#8221; [&hellip;]<\/p>\n","protected":false},"author":1,"featured_media":0,"parent":0,"menu_order":0,"comment_status":"closed","ping_status":"closed","template":"","meta":{"footnotes":""},"class_list":["post-5609","page","type-page","status-publish","hentry"],"yoast_head":"<!-- This site is optimized with the Yoast SEO plugin v26.9 - https:\/\/yoast.com\/product\/yoast-seo-wordpress\/ -->\n<title>Partners - PragueONCO<\/title>\n<meta name=\"description\" content=\"Partne\u0159i 15. pra\u017esk\u00e9ho mezioborov\u00e9ho onkologick\u00e9ho kolokvia PragueONCO.\" \/>\n<meta name=\"robots\" content=\"index, follow, max-snippet:-1, max-image-preview:large, max-video-preview:-1\" \/>\n<link rel=\"canonical\" href=\"https:\/\/pragueonco.cz\/en\/partneri\/\" \/>\n<meta property=\"og:locale\" content=\"en_US\" \/>\n<meta property=\"og:type\" content=\"article\" \/>\n<meta property=\"og:title\" content=\"Partners - PragueONCO\" \/>\n<meta property=\"og:description\" content=\"Partne\u0159i 15. pra\u017esk\u00e9ho mezioborov\u00e9ho onkologick\u00e9ho kolokvia PragueONCO.\" \/>\n<meta property=\"og:url\" content=\"https:\/\/pragueonco.cz\/en\/partneri\/\" \/>\n<meta property=\"og:site_name\" content=\"PragueONCO\" \/>\n<meta property=\"article:modified_time\" content=\"2026-01-16T13:29:02+00:00\" \/>\n<meta name=\"twitter:card\" content=\"summary_large_image\" \/>\n<meta name=\"twitter:label1\" content=\"Est. reading time\" \/>\n\t<meta name=\"twitter:data1\" content=\"3 minutes\" \/>\n<script type=\"application\/ld+json\" class=\"yoast-schema-graph\">{\"@context\":\"https:\/\/schema.org\",\"@graph\":[{\"@type\":\"WebPage\",\"@id\":\"https:\/\/pragueonco.cz\/en\/partneri\/\",\"url\":\"https:\/\/pragueonco.cz\/en\/partneri\/\",\"name\":\"Partners - PragueONCO\",\"isPartOf\":{\"@id\":\"https:\/\/pragueonco.cz\/#website\"},\"datePublished\":\"2023-09-03T20:57:32+00:00\",\"dateModified\":\"2026-01-16T13:29:02+00:00\",\"description\":\"Partne\u0159i 15. pra\u017esk\u00e9ho mezioborov\u00e9ho onkologick\u00e9ho kolokvia PragueONCO.\",\"breadcrumb\":{\"@id\":\"https:\/\/pragueonco.cz\/en\/partneri\/#breadcrumb\"},\"inLanguage\":\"en-US\",\"potentialAction\":[{\"@type\":\"ReadAction\",\"target\":[\"https:\/\/pragueonco.cz\/en\/partneri\/\"]}]},{\"@type\":\"BreadcrumbList\",\"@id\":\"https:\/\/pragueonco.cz\/en\/partneri\/#breadcrumb\",\"itemListElement\":[{\"@type\":\"ListItem\",\"position\":1,\"name\":\"Dom\u016f\",\"item\":\"https:\/\/pragueonco.cz\/en\/\"},{\"@type\":\"ListItem\",\"position\":2,\"name\":\"Partners\"}]},{\"@type\":\"WebSite\",\"@id\":\"https:\/\/pragueonco.cz\/#website\",\"url\":\"https:\/\/pragueonco.cz\/\",\"name\":\"PragueONCO\",\"description\":\"Pra\u017esk\u00e9 mezioborov\u00e9 onkologick\u00e9 kolokvium PragueONCO\",\"publisher\":{\"@id\":\"https:\/\/pragueonco.cz\/#organization\"},\"potentialAction\":[{\"@type\":\"SearchAction\",\"target\":{\"@type\":\"EntryPoint\",\"urlTemplate\":\"https:\/\/pragueonco.cz\/?s={search_term_string}\"},\"query-input\":{\"@type\":\"PropertyValueSpecification\",\"valueRequired\":true,\"valueName\":\"search_term_string\"}}],\"inLanguage\":\"en-US\"},{\"@type\":\"Organization\",\"@id\":\"https:\/\/pragueonco.cz\/#organization\",\"name\":\"We Make Media, s. r. o.\",\"url\":\"https:\/\/pragueonco.cz\/\",\"logo\":{\"@type\":\"ImageObject\",\"inLanguage\":\"en-US\",\"@id\":\"https:\/\/pragueonco.cz\/#\/schema\/logo\/image\/\",\"url\":\"https:\/\/pragueonco.cz\/wp-content\/uploads\/2023\/11\/wemakemedia-logo-big.png\",\"contentUrl\":\"https:\/\/pragueonco.cz\/wp-content\/uploads\/2023\/11\/wemakemedia-logo-big.png\",\"width\":388,\"height\":130,\"caption\":\"We Make Media, s. r. o.\"},\"image\":{\"@id\":\"https:\/\/pragueonco.cz\/#\/schema\/logo\/image\/\"}}]}<\/script>\n<!-- \/ Yoast SEO plugin. -->","yoast_head_json":{"title":"Partners - PragueONCO","description":"Partne\u0159i 15. pra\u017esk\u00e9ho mezioborov\u00e9ho onkologick\u00e9ho kolokvia PragueONCO.","robots":{"index":"index","follow":"follow","max-snippet":"max-snippet:-1","max-image-preview":"max-image-preview:large","max-video-preview":"max-video-preview:-1"},"canonical":"https:\/\/pragueonco.cz\/en\/partneri\/","og_locale":"en_US","og_type":"article","og_title":"Partners - PragueONCO","og_description":"Partne\u0159i 15. pra\u017esk\u00e9ho mezioborov\u00e9ho onkologick\u00e9ho kolokvia PragueONCO.","og_url":"https:\/\/pragueonco.cz\/en\/partneri\/","og_site_name":"PragueONCO","article_modified_time":"2026-01-16T13:29:02+00:00","twitter_card":"summary_large_image","twitter_misc":{"Est. reading time":"3 minutes"},"schema":{"@context":"https:\/\/schema.org","@graph":[{"@type":"WebPage","@id":"https:\/\/pragueonco.cz\/en\/partneri\/","url":"https:\/\/pragueonco.cz\/en\/partneri\/","name":"Partners - PragueONCO","isPartOf":{"@id":"https:\/\/pragueonco.cz\/#website"},"datePublished":"2023-09-03T20:57:32+00:00","dateModified":"2026-01-16T13:29:02+00:00","description":"Partne\u0159i 15. pra\u017esk\u00e9ho mezioborov\u00e9ho onkologick\u00e9ho kolokvia PragueONCO.","breadcrumb":{"@id":"https:\/\/pragueonco.cz\/en\/partneri\/#breadcrumb"},"inLanguage":"en-US","potentialAction":[{"@type":"ReadAction","target":["https:\/\/pragueonco.cz\/en\/partneri\/"]}]},{"@type":"BreadcrumbList","@id":"https:\/\/pragueonco.cz\/en\/partneri\/#breadcrumb","itemListElement":[{"@type":"ListItem","position":1,"name":"Dom\u016f","item":"https:\/\/pragueonco.cz\/en\/"},{"@type":"ListItem","position":2,"name":"Partners"}]},{"@type":"WebSite","@id":"https:\/\/pragueonco.cz\/#website","url":"https:\/\/pragueonco.cz\/","name":"PragueONCO","description":"Pra\u017esk\u00e9 mezioborov\u00e9 onkologick\u00e9 kolokvium PragueONCO","publisher":{"@id":"https:\/\/pragueonco.cz\/#organization"},"potentialAction":[{"@type":"SearchAction","target":{"@type":"EntryPoint","urlTemplate":"https:\/\/pragueonco.cz\/?s={search_term_string}"},"query-input":{"@type":"PropertyValueSpecification","valueRequired":true,"valueName":"search_term_string"}}],"inLanguage":"en-US"},{"@type":"Organization","@id":"https:\/\/pragueonco.cz\/#organization","name":"We Make Media, s. r. o.","url":"https:\/\/pragueonco.cz\/","logo":{"@type":"ImageObject","inLanguage":"en-US","@id":"https:\/\/pragueonco.cz\/#\/schema\/logo\/image\/","url":"https:\/\/pragueonco.cz\/wp-content\/uploads\/2023\/11\/wemakemedia-logo-big.png","contentUrl":"https:\/\/pragueonco.cz\/wp-content\/uploads\/2023\/11\/wemakemedia-logo-big.png","width":388,"height":130,"caption":"We Make Media, s. r. o."},"image":{"@id":"https:\/\/pragueonco.cz\/#\/schema\/logo\/image\/"}}]}},"_links":{"self":[{"href":"https:\/\/pragueonco.cz\/en\/wp-json\/wp\/v2\/pages\/5609","targetHints":{"allow":["GET"]}}],"collection":[{"href":"https:\/\/pragueonco.cz\/en\/wp-json\/wp\/v2\/pages"}],"about":[{"href":"https:\/\/pragueonco.cz\/en\/wp-json\/wp\/v2\/types\/page"}],"author":[{"embeddable":true,"href":"https:\/\/pragueonco.cz\/en\/wp-json\/wp\/v2\/users\/1"}],"replies":[{"embeddable":true,"href":"https:\/\/pragueonco.cz\/en\/wp-json\/wp\/v2\/comments?post=5609"}],"version-history":[{"count":89,"href":"https:\/\/pragueonco.cz\/en\/wp-json\/wp\/v2\/pages\/5609\/revisions"}],"predecessor-version":[{"id":6962,"href":"https:\/\/pragueonco.cz\/en\/wp-json\/wp\/v2\/pages\/5609\/revisions\/6962"}],"wp:attachment":[{"href":"https:\/\/pragueonco.cz\/en\/wp-json\/wp\/v2\/media?parent=5609"}],"curies":[{"name":"wp","href":"https:\/\/api.w.org\/{rel}","templated":true}]}}