{"id":5617,"date":"2023-09-03T22:49:24","date_gmt":"2023-09-03T20:49:24","guid":{"rendered":"https:\/\/pragueonco.cz\/pro-ucastniky\/certifikaty\/"},"modified":"2024-01-09T08:04:25","modified_gmt":"2024-01-09T07:04:25","slug":"certifikaty","status":"publish","type":"page","link":"https:\/\/pragueonco.cz\/en\/pro-ucastniky\/certifikaty\/","title":{"rendered":"Certificates"},"content":{"rendered":"<div class=\"wpb-content-wrapper\"><p>[vc_row layout=&#8221;boxed&#8221; css=&#8221;.vc_custom_1693765937406{margin-bottom: 2em !important;}&#8221;][vc_column][vc_column_text css=&#8221;.vc_custom_1704783859612{margin-bottom: 2em !important;}&#8221;]PragueONCO is organized according to the regulation of the\u00a0Czech Medical Chamber\u00a0No. 16 and participation will be evaluated with credits.<\/p>\n<p>The Nursing and Palliative Sections are guaranteed by the Czech Association of Nurses.<\/p>\n<p>Each participant will receive a&nbsp;certificate \/ confirmation of participation <strong>within 30 days after the end of the colloquium to the e-mail<\/strong>, which was provided during registration.<\/p>\n<p>[\/vc_column_text][\/vc_column][\/vc_row]<\/p>\n<\/div>","protected":false},"excerpt":{"rendered":"<p>[vc_row layout=&#8221;boxed&#8221; css=&#8221;.vc_custom_1693765937406{margin-bottom: 2em !important;}&#8221;][vc_column][vc_column_text css=&#8221;.vc_custom_1704783859612{margin-bottom: 2em !important;}&#8221;]PragueONCO is organized according to the regulation of the\u00a0Czech Medical Chamber\u00a0No. 16 and participation will be evaluated with credits. The Nursing and Palliative Sections are guaranteed by the Czech Association of Nurses. Each participant will receive a&nbsp;certificate \/ confirmation of participation within 30 days after the end of [&hellip;]<\/p>\n","protected":false},"author":1,"featured_media":0,"parent":5616,"menu_order":0,"comment_status":"closed","ping_status":"closed","template":"","meta":{"footnotes":""},"class_list":["post-5617","page","type-page","status-publish","hentry"],"yoast_head":"<!-- This site is optimized with the Yoast SEO plugin v26.9 - https:\/\/yoast.com\/product\/yoast-seo-wordpress\/ -->\n<title>Certificates - PragueONCO<\/title>\n<meta name=\"robots\" content=\"index, follow, max-snippet:-1, max-image-preview:large, max-video-preview:-1\" \/>\n<link rel=\"canonical\" href=\"https:\/\/pragueonco.cz\/en\/pro-ucastniky\/certifikaty\/\" \/>\n<meta property=\"og:locale\" content=\"en_US\" \/>\n<meta property=\"og:type\" content=\"article\" \/>\n<meta property=\"og:title\" content=\"Certificates - PragueONCO\" \/>\n<meta property=\"og:description\" content=\"[vc_row layout=&#8221;boxed&#8221; css=&#8221;.vc_custom_1693765937406{margin-bottom: 2em !important;}&#8221;][vc_column][vc_column_text css=&#8221;.vc_custom_1704783859612{margin-bottom: 2em !important;}&#8221;]PragueONCO is organized according to the regulation of the\u00a0Czech Medical Chamber\u00a0No. 16 and participation will be evaluated with credits. The Nursing and Palliative Sections are guaranteed by the Czech Association of Nurses. Each participant will receive a&nbsp;certificate \/ confirmation of participation within 30 days after the end of [&hellip;]\" \/>\n<meta property=\"og:url\" content=\"https:\/\/pragueonco.cz\/en\/pro-ucastniky\/certifikaty\/\" \/>\n<meta property=\"og:site_name\" content=\"PragueONCO\" \/>\n<meta property=\"article:modified_time\" content=\"2024-01-09T07:04:25+00:00\" \/>\n<meta name=\"twitter:card\" content=\"summary_large_image\" \/>\n<meta name=\"twitter:label1\" content=\"Est. reading time\" \/>\n\t<meta name=\"twitter:data1\" content=\"1 minute\" \/>\n<script type=\"application\/ld+json\" class=\"yoast-schema-graph\">{\"@context\":\"https:\/\/schema.org\",\"@graph\":[{\"@type\":\"WebPage\",\"@id\":\"https:\/\/pragueonco.cz\/en\/pro-ucastniky\/certifikaty\/\",\"url\":\"https:\/\/pragueonco.cz\/en\/pro-ucastniky\/certifikaty\/\",\"name\":\"Certificates - PragueONCO\",\"isPartOf\":{\"@id\":\"https:\/\/pragueonco.cz\/#website\"},\"datePublished\":\"2023-09-03T20:49:24+00:00\",\"dateModified\":\"2024-01-09T07:04:25+00:00\",\"breadcrumb\":{\"@id\":\"https:\/\/pragueonco.cz\/en\/pro-ucastniky\/certifikaty\/#breadcrumb\"},\"inLanguage\":\"en-US\",\"potentialAction\":[{\"@type\":\"ReadAction\",\"target\":[\"https:\/\/pragueonco.cz\/en\/pro-ucastniky\/certifikaty\/\"]}]},{\"@type\":\"BreadcrumbList\",\"@id\":\"https:\/\/pragueonco.cz\/en\/pro-ucastniky\/certifikaty\/#breadcrumb\",\"itemListElement\":[{\"@type\":\"ListItem\",\"position\":1,\"name\":\"Dom\u016f\",\"item\":\"https:\/\/pragueonco.cz\/en\/\"},{\"@type\":\"ListItem\",\"position\":2,\"name\":\"For participants\",\"item\":\"https:\/\/pragueonco.cz\/en\/pro-ucastniky\/\"},{\"@type\":\"ListItem\",\"position\":3,\"name\":\"Certificates\"}]},{\"@type\":\"WebSite\",\"@id\":\"https:\/\/pragueonco.cz\/#website\",\"url\":\"https:\/\/pragueonco.cz\/\",\"name\":\"PragueONCO\",\"description\":\"Pra\u017esk\u00e9 mezioborov\u00e9 onkologick\u00e9 kolokvium PragueONCO\",\"publisher\":{\"@id\":\"https:\/\/pragueonco.cz\/#organization\"},\"potentialAction\":[{\"@type\":\"SearchAction\",\"target\":{\"@type\":\"EntryPoint\",\"urlTemplate\":\"https:\/\/pragueonco.cz\/?s={search_term_string}\"},\"query-input\":{\"@type\":\"PropertyValueSpecification\",\"valueRequired\":true,\"valueName\":\"search_term_string\"}}],\"inLanguage\":\"en-US\"},{\"@type\":\"Organization\",\"@id\":\"https:\/\/pragueonco.cz\/#organization\",\"name\":\"We Make Media, s. r. o.\",\"url\":\"https:\/\/pragueonco.cz\/\",\"logo\":{\"@type\":\"ImageObject\",\"inLanguage\":\"en-US\",\"@id\":\"https:\/\/pragueonco.cz\/#\/schema\/logo\/image\/\",\"url\":\"https:\/\/pragueonco.cz\/wp-content\/uploads\/2023\/11\/wemakemedia-logo-big.png\",\"contentUrl\":\"https:\/\/pragueonco.cz\/wp-content\/uploads\/2023\/11\/wemakemedia-logo-big.png\",\"width\":388,\"height\":130,\"caption\":\"We Make Media, s. r. o.\"},\"image\":{\"@id\":\"https:\/\/pragueonco.cz\/#\/schema\/logo\/image\/\"}}]}<\/script>\n<!-- \/ Yoast SEO plugin. -->","yoast_head_json":{"title":"Certificates - PragueONCO","robots":{"index":"index","follow":"follow","max-snippet":"max-snippet:-1","max-image-preview":"max-image-preview:large","max-video-preview":"max-video-preview:-1"},"canonical":"https:\/\/pragueonco.cz\/en\/pro-ucastniky\/certifikaty\/","og_locale":"en_US","og_type":"article","og_title":"Certificates - PragueONCO","og_description":"[vc_row layout=&#8221;boxed&#8221; css=&#8221;.vc_custom_1693765937406{margin-bottom: 2em !important;}&#8221;][vc_column][vc_column_text css=&#8221;.vc_custom_1704783859612{margin-bottom: 2em !important;}&#8221;]PragueONCO is organized according to the regulation of the\u00a0Czech Medical Chamber\u00a0No. 16 and participation will be evaluated with credits. The Nursing and Palliative Sections are guaranteed by the Czech Association of Nurses. Each participant will receive a&nbsp;certificate \/ confirmation of participation within 30 days after the end of [&hellip;]","og_url":"https:\/\/pragueonco.cz\/en\/pro-ucastniky\/certifikaty\/","og_site_name":"PragueONCO","article_modified_time":"2024-01-09T07:04:25+00:00","twitter_card":"summary_large_image","twitter_misc":{"Est. reading time":"1 minute"},"schema":{"@context":"https:\/\/schema.org","@graph":[{"@type":"WebPage","@id":"https:\/\/pragueonco.cz\/en\/pro-ucastniky\/certifikaty\/","url":"https:\/\/pragueonco.cz\/en\/pro-ucastniky\/certifikaty\/","name":"Certificates - PragueONCO","isPartOf":{"@id":"https:\/\/pragueonco.cz\/#website"},"datePublished":"2023-09-03T20:49:24+00:00","dateModified":"2024-01-09T07:04:25+00:00","breadcrumb":{"@id":"https:\/\/pragueonco.cz\/en\/pro-ucastniky\/certifikaty\/#breadcrumb"},"inLanguage":"en-US","potentialAction":[{"@type":"ReadAction","target":["https:\/\/pragueonco.cz\/en\/pro-ucastniky\/certifikaty\/"]}]},{"@type":"BreadcrumbList","@id":"https:\/\/pragueonco.cz\/en\/pro-ucastniky\/certifikaty\/#breadcrumb","itemListElement":[{"@type":"ListItem","position":1,"name":"Dom\u016f","item":"https:\/\/pragueonco.cz\/en\/"},{"@type":"ListItem","position":2,"name":"For participants","item":"https:\/\/pragueonco.cz\/en\/pro-ucastniky\/"},{"@type":"ListItem","position":3,"name":"Certificates"}]},{"@type":"WebSite","@id":"https:\/\/pragueonco.cz\/#website","url":"https:\/\/pragueonco.cz\/","name":"PragueONCO","description":"Pra\u017esk\u00e9 mezioborov\u00e9 onkologick\u00e9 kolokvium PragueONCO","publisher":{"@id":"https:\/\/pragueonco.cz\/#organization"},"potentialAction":[{"@type":"SearchAction","target":{"@type":"EntryPoint","urlTemplate":"https:\/\/pragueonco.cz\/?s={search_term_string}"},"query-input":{"@type":"PropertyValueSpecification","valueRequired":true,"valueName":"search_term_string"}}],"inLanguage":"en-US"},{"@type":"Organization","@id":"https:\/\/pragueonco.cz\/#organization","name":"We Make Media, s. r. o.","url":"https:\/\/pragueonco.cz\/","logo":{"@type":"ImageObject","inLanguage":"en-US","@id":"https:\/\/pragueonco.cz\/#\/schema\/logo\/image\/","url":"https:\/\/pragueonco.cz\/wp-content\/uploads\/2023\/11\/wemakemedia-logo-big.png","contentUrl":"https:\/\/pragueonco.cz\/wp-content\/uploads\/2023\/11\/wemakemedia-logo-big.png","width":388,"height":130,"caption":"We Make Media, s. r. o."},"image":{"@id":"https:\/\/pragueonco.cz\/#\/schema\/logo\/image\/"}}]}},"_links":{"self":[{"href":"https:\/\/pragueonco.cz\/en\/wp-json\/wp\/v2\/pages\/5617","targetHints":{"allow":["GET"]}}],"collection":[{"href":"https:\/\/pragueonco.cz\/en\/wp-json\/wp\/v2\/pages"}],"about":[{"href":"https:\/\/pragueonco.cz\/en\/wp-json\/wp\/v2\/types\/page"}],"author":[{"embeddable":true,"href":"https:\/\/pragueonco.cz\/en\/wp-json\/wp\/v2\/users\/1"}],"replies":[{"embeddable":true,"href":"https:\/\/pragueonco.cz\/en\/wp-json\/wp\/v2\/comments?post=5617"}],"version-history":[{"count":4,"href":"https:\/\/pragueonco.cz\/en\/wp-json\/wp\/v2\/pages\/5617\/revisions"}],"predecessor-version":[{"id":5720,"href":"https:\/\/pragueonco.cz\/en\/wp-json\/wp\/v2\/pages\/5617\/revisions\/5720"}],"up":[{"embeddable":true,"href":"https:\/\/pragueonco.cz\/en\/wp-json\/wp\/v2\/pages\/5616"}],"wp:attachment":[{"href":"https:\/\/pragueonco.cz\/en\/wp-json\/wp\/v2\/media?parent=5617"}],"curies":[{"name":"wp","href":"https:\/\/api.w.org\/{rel}","templated":true}]}}