{"id":5633,"date":"2023-09-03T22:53:56","date_gmt":"2023-09-03T20:53:56","guid":{"rendered":"https:\/\/pragueonco.cz\/program\/zahranicni-ucastnici\/"},"modified":"2025-12-05T14:28:02","modified_gmt":"2025-12-05T13:28:02","slug":"zahranicni-ucastnici","status":"publish","type":"page","link":"https:\/\/pragueonco.cz\/en\/program\/zahranicni-ucastnici\/","title":{"rendered":"Foreign participants"},"content":{"rendered":"<div class=\"wpb-content-wrapper\"><p>[vc_row layout=&#8221;boxed&#8221; css=&#8221;.vc_custom_1693765937406{margin-bottom: 2em !important;}&#8221;][vc_column][vc_column_text css=&#8221;.vc_custom_1764941170155{margin-bottom: 2em !important;}&#8221;]<\/p>\n<h4>In addition to well-known Czech oncologists, PragueONCO 2026 will once again offer the opportunity to meet and listen to presentations by a&nbsp;number of distinguished international guests. Some of them return to us repeatedly.<\/h4>\n<p><strong>Dr. Adam M. Brufsky, MD, PhD, Pittsburgh, USA<br \/>\n<\/strong><strong>Prof. Dr. med. Peter A. Fasching, Erlangen, Germany<br \/>\n<\/strong><strong>Priv. Doz. Dr. Peter Horak, Heidelberg, Germany<br \/>\n<\/strong><strong>Prof. Dr. Simon Joosse, Hamburg, Germany<br \/>\n<\/strong><strong>Prof. DDr. (mult. h.c.) Shahrokh F. Shariat, Vienna, Austria<br \/>\n<\/strong><strong>dr. hab. Rafa\u0142 Dziadziuszko, Gdansk, Poland<br \/>\n<\/strong><strong>Prof. Bart Neyns, MD, PhD, Brussels, Belgium<\/strong>[\/vc_column_text][\/vc_column][\/vc_row]<\/p>\n<\/div>","protected":false},"excerpt":{"rendered":"<p>[vc_row layout=&#8221;boxed&#8221; css=&#8221;.vc_custom_1693765937406{margin-bottom: 2em !important;}&#8221;][vc_column][vc_column_text css=&#8221;.vc_custom_1764941170155{margin-bottom: 2em !important;}&#8221;] In addition to well-known Czech oncologists, PragueONCO 2026 will once again offer the opportunity to meet and listen to presentations by a&nbsp;number of distinguished international guests. Some of them return to us repeatedly. Dr. Adam M. Brufsky, MD, PhD, Pittsburgh, USA Prof. Dr. med. Peter A. Fasching, [&hellip;]<\/p>\n","protected":false},"author":1,"featured_media":0,"parent":5630,"menu_order":0,"comment_status":"closed","ping_status":"closed","template":"","meta":{"footnotes":""},"class_list":["post-5633","page","type-page","status-publish","hentry"],"yoast_head":"<!-- This site is optimized with the Yoast SEO plugin v26.9 - https:\/\/yoast.com\/product\/yoast-seo-wordpress\/ -->\n<title>Foreign participants - PragueONCO<\/title>\n<meta name=\"robots\" content=\"index, follow, max-snippet:-1, max-image-preview:large, max-video-preview:-1\" \/>\n<link rel=\"canonical\" href=\"https:\/\/pragueonco.cz\/en\/program\/zahranicni-ucastnici\/\" \/>\n<meta property=\"og:locale\" content=\"en_US\" \/>\n<meta property=\"og:type\" content=\"article\" \/>\n<meta property=\"og:title\" content=\"Foreign participants - PragueONCO\" \/>\n<meta property=\"og:description\" content=\"[vc_row layout=&#8221;boxed&#8221; css=&#8221;.vc_custom_1693765937406{margin-bottom: 2em !important;}&#8221;][vc_column][vc_column_text css=&#8221;.vc_custom_1764941170155{margin-bottom: 2em !important;}&#8221;] In addition to well-known Czech oncologists, PragueONCO 2026 will once again offer the opportunity to meet and listen to presentations by a&nbsp;number of distinguished international guests. Some of them return to us repeatedly. Dr. Adam M. Brufsky, MD, PhD, Pittsburgh, USA Prof. Dr. med. Peter A. Fasching, [&hellip;]\" \/>\n<meta property=\"og:url\" content=\"https:\/\/pragueonco.cz\/en\/program\/zahranicni-ucastnici\/\" \/>\n<meta property=\"og:site_name\" content=\"PragueONCO\" \/>\n<meta property=\"article:modified_time\" content=\"2025-12-05T13:28:02+00:00\" \/>\n<meta name=\"twitter:card\" content=\"summary_large_image\" \/>\n<meta name=\"twitter:label1\" content=\"Est. reading time\" \/>\n\t<meta name=\"twitter:data1\" content=\"1 minute\" \/>\n<script type=\"application\/ld+json\" class=\"yoast-schema-graph\">{\"@context\":\"https:\/\/schema.org\",\"@graph\":[{\"@type\":\"WebPage\",\"@id\":\"https:\/\/pragueonco.cz\/en\/program\/zahranicni-ucastnici\/\",\"url\":\"https:\/\/pragueonco.cz\/en\/program\/zahranicni-ucastnici\/\",\"name\":\"Foreign participants - PragueONCO\",\"isPartOf\":{\"@id\":\"https:\/\/pragueonco.cz\/#website\"},\"datePublished\":\"2023-09-03T20:53:56+00:00\",\"dateModified\":\"2025-12-05T13:28:02+00:00\",\"breadcrumb\":{\"@id\":\"https:\/\/pragueonco.cz\/en\/program\/zahranicni-ucastnici\/#breadcrumb\"},\"inLanguage\":\"en-US\",\"potentialAction\":[{\"@type\":\"ReadAction\",\"target\":[\"https:\/\/pragueonco.cz\/en\/program\/zahranicni-ucastnici\/\"]}]},{\"@type\":\"BreadcrumbList\",\"@id\":\"https:\/\/pragueonco.cz\/en\/program\/zahranicni-ucastnici\/#breadcrumb\",\"itemListElement\":[{\"@type\":\"ListItem\",\"position\":1,\"name\":\"Dom\u016f\",\"item\":\"https:\/\/pragueonco.cz\/en\/\"},{\"@type\":\"ListItem\",\"position\":2,\"name\":\"Program\",\"item\":\"https:\/\/pragueonco.cz\/en\/program\/\"},{\"@type\":\"ListItem\",\"position\":3,\"name\":\"Foreign participants\"}]},{\"@type\":\"WebSite\",\"@id\":\"https:\/\/pragueonco.cz\/#website\",\"url\":\"https:\/\/pragueonco.cz\/\",\"name\":\"PragueONCO\",\"description\":\"Pra\u017esk\u00e9 mezioborov\u00e9 onkologick\u00e9 kolokvium PragueONCO\",\"publisher\":{\"@id\":\"https:\/\/pragueonco.cz\/#organization\"},\"potentialAction\":[{\"@type\":\"SearchAction\",\"target\":{\"@type\":\"EntryPoint\",\"urlTemplate\":\"https:\/\/pragueonco.cz\/?s={search_term_string}\"},\"query-input\":{\"@type\":\"PropertyValueSpecification\",\"valueRequired\":true,\"valueName\":\"search_term_string\"}}],\"inLanguage\":\"en-US\"},{\"@type\":\"Organization\",\"@id\":\"https:\/\/pragueonco.cz\/#organization\",\"name\":\"We Make Media, s. r. o.\",\"url\":\"https:\/\/pragueonco.cz\/\",\"logo\":{\"@type\":\"ImageObject\",\"inLanguage\":\"en-US\",\"@id\":\"https:\/\/pragueonco.cz\/#\/schema\/logo\/image\/\",\"url\":\"https:\/\/pragueonco.cz\/wp-content\/uploads\/2023\/11\/wemakemedia-logo-big.png\",\"contentUrl\":\"https:\/\/pragueonco.cz\/wp-content\/uploads\/2023\/11\/wemakemedia-logo-big.png\",\"width\":388,\"height\":130,\"caption\":\"We Make Media, s. r. o.\"},\"image\":{\"@id\":\"https:\/\/pragueonco.cz\/#\/schema\/logo\/image\/\"}}]}<\/script>\n<!-- \/ Yoast SEO plugin. -->","yoast_head_json":{"title":"Foreign participants - PragueONCO","robots":{"index":"index","follow":"follow","max-snippet":"max-snippet:-1","max-image-preview":"max-image-preview:large","max-video-preview":"max-video-preview:-1"},"canonical":"https:\/\/pragueonco.cz\/en\/program\/zahranicni-ucastnici\/","og_locale":"en_US","og_type":"article","og_title":"Foreign participants - PragueONCO","og_description":"[vc_row layout=&#8221;boxed&#8221; css=&#8221;.vc_custom_1693765937406{margin-bottom: 2em !important;}&#8221;][vc_column][vc_column_text css=&#8221;.vc_custom_1764941170155{margin-bottom: 2em !important;}&#8221;] In addition to well-known Czech oncologists, PragueONCO 2026 will once again offer the opportunity to meet and listen to presentations by a&nbsp;number of distinguished international guests. Some of them return to us repeatedly. Dr. Adam M. Brufsky, MD, PhD, Pittsburgh, USA Prof. Dr. med. Peter A. Fasching, [&hellip;]","og_url":"https:\/\/pragueonco.cz\/en\/program\/zahranicni-ucastnici\/","og_site_name":"PragueONCO","article_modified_time":"2025-12-05T13:28:02+00:00","twitter_card":"summary_large_image","twitter_misc":{"Est. reading time":"1 minute"},"schema":{"@context":"https:\/\/schema.org","@graph":[{"@type":"WebPage","@id":"https:\/\/pragueonco.cz\/en\/program\/zahranicni-ucastnici\/","url":"https:\/\/pragueonco.cz\/en\/program\/zahranicni-ucastnici\/","name":"Foreign participants - PragueONCO","isPartOf":{"@id":"https:\/\/pragueonco.cz\/#website"},"datePublished":"2023-09-03T20:53:56+00:00","dateModified":"2025-12-05T13:28:02+00:00","breadcrumb":{"@id":"https:\/\/pragueonco.cz\/en\/program\/zahranicni-ucastnici\/#breadcrumb"},"inLanguage":"en-US","potentialAction":[{"@type":"ReadAction","target":["https:\/\/pragueonco.cz\/en\/program\/zahranicni-ucastnici\/"]}]},{"@type":"BreadcrumbList","@id":"https:\/\/pragueonco.cz\/en\/program\/zahranicni-ucastnici\/#breadcrumb","itemListElement":[{"@type":"ListItem","position":1,"name":"Dom\u016f","item":"https:\/\/pragueonco.cz\/en\/"},{"@type":"ListItem","position":2,"name":"Program","item":"https:\/\/pragueonco.cz\/en\/program\/"},{"@type":"ListItem","position":3,"name":"Foreign participants"}]},{"@type":"WebSite","@id":"https:\/\/pragueonco.cz\/#website","url":"https:\/\/pragueonco.cz\/","name":"PragueONCO","description":"Pra\u017esk\u00e9 mezioborov\u00e9 onkologick\u00e9 kolokvium PragueONCO","publisher":{"@id":"https:\/\/pragueonco.cz\/#organization"},"potentialAction":[{"@type":"SearchAction","target":{"@type":"EntryPoint","urlTemplate":"https:\/\/pragueonco.cz\/?s={search_term_string}"},"query-input":{"@type":"PropertyValueSpecification","valueRequired":true,"valueName":"search_term_string"}}],"inLanguage":"en-US"},{"@type":"Organization","@id":"https:\/\/pragueonco.cz\/#organization","name":"We Make Media, s. r. o.","url":"https:\/\/pragueonco.cz\/","logo":{"@type":"ImageObject","inLanguage":"en-US","@id":"https:\/\/pragueonco.cz\/#\/schema\/logo\/image\/","url":"https:\/\/pragueonco.cz\/wp-content\/uploads\/2023\/11\/wemakemedia-logo-big.png","contentUrl":"https:\/\/pragueonco.cz\/wp-content\/uploads\/2023\/11\/wemakemedia-logo-big.png","width":388,"height":130,"caption":"We Make Media, s. r. o."},"image":{"@id":"https:\/\/pragueonco.cz\/#\/schema\/logo\/image\/"}}]}},"_links":{"self":[{"href":"https:\/\/pragueonco.cz\/en\/wp-json\/wp\/v2\/pages\/5633","targetHints":{"allow":["GET"]}}],"collection":[{"href":"https:\/\/pragueonco.cz\/en\/wp-json\/wp\/v2\/pages"}],"about":[{"href":"https:\/\/pragueonco.cz\/en\/wp-json\/wp\/v2\/types\/page"}],"author":[{"embeddable":true,"href":"https:\/\/pragueonco.cz\/en\/wp-json\/wp\/v2\/users\/1"}],"replies":[{"embeddable":true,"href":"https:\/\/pragueonco.cz\/en\/wp-json\/wp\/v2\/comments?post=5633"}],"version-history":[{"count":11,"href":"https:\/\/pragueonco.cz\/en\/wp-json\/wp\/v2\/pages\/5633\/revisions"}],"predecessor-version":[{"id":6780,"href":"https:\/\/pragueonco.cz\/en\/wp-json\/wp\/v2\/pages\/5633\/revisions\/6780"}],"up":[{"embeddable":true,"href":"https:\/\/pragueonco.cz\/en\/wp-json\/wp\/v2\/pages\/5630"}],"wp:attachment":[{"href":"https:\/\/pragueonco.cz\/en\/wp-json\/wp\/v2\/media?parent=5633"}],"curies":[{"name":"wp","href":"https:\/\/api.w.org\/{rel}","templated":true}]}}